{"id":118,"date":"2016-09-26T12:42:08","date_gmt":"2016-09-26T10:42:08","guid":{"rendered":"http:\/\/www.openuproutes.eu\/es\/?page_id=118"},"modified":"2016-10-10T10:42:45","modified_gmt":"2016-10-10T08:42:45","slug":"proyecto","status":"publish","type":"page","link":"https:\/\/www.openuproutes.eu\/es\/proyecto\/","title":{"rendered":"El proyecto"},"content":{"rendered":"<p><strong>Proyecto SABER Universal<\/strong><\/p>\n<p><span lang=\"es-ES\">El proyecto SABER (\u201c<\/span><span lang=\"es-ES\"><b>SA<\/b><\/span><span lang=\"es-ES\">ntiago, St. <\/span><span lang=\"es-ES\"><b>BE<\/b><\/span><span lang=\"es-ES\">nedict, <\/span><span lang=\"es-ES\"><b>R<\/b><\/span><span lang=\"es-ES\">outes Universal\u201d) pretende crear una oferta de turismo accesible mejorando las infraestructuras y servicios de dos itinerarios europeos de gran relevancia: el Camino de Santiago en Espa\u00f1a, la m\u00e1s importante y popular ruta de peregrinaci\u00f3n a Santiago de Compostela y el Camino de San Benito en Italia, una ruta que une los lugares m\u00e1s importantes de la vida de San Benito de Norcia, patrono de Europa. El producto tur\u00edstico que se pondr\u00e1 en marcha conjugar\u00e1 patrimonio cultural, deportes ya actividades al aire libre, pues ambos itinerarios son rutas de gran relevancia espiritual, cultural e hist\u00f3rica y representan adem\u00e1s un atractivo para los amantes del senderismo y ciclismo. As\u00ed pues, se pretende dise\u00f1ar un producto tur\u00edstico que convierta la experiencia de la peregrinaci\u00f3n en algo \u201cuniversal\u201d a trav\u00e9s de rutas que son parte del patrimonio natural y cultural europeo.<\/span><\/p>\n<p lang=\"es-ES\" align=\"JUSTIFY\"><b>Principales objetivos:<\/b><\/p>\n<p lang=\"es-ES\" align=\"JUSTIFY\">El principal objetivo del proyecto es el de desarrollar una oferta tur\u00edstica de calidad basada en \u201cTurismo para Todos\u201d en ambas rutas de peregrinaci\u00f3n. Para ello se establecen los siguientes sub-objetivos:<\/p>\n<ul>\n<li>\n<p align=\"JUSTIFY\"><span lang=\"es-ES\">Mejorar las habilidades, sensibilizaci\u00f3n y preparaci\u00f3n de los operadores tur\u00edsticos implicados, tanto del sector p\u00fablico como el privado con el fin de eliminar las barreras f\u00edsicas y ambientales, de forma que las personas con alguna discapacidad temporal o permanente puedan disfrutar esta experiencia;<\/span><\/p>\n<\/li>\n<li>\n<p align=\"JUSTIFY\"><span lang=\"es-ES\">Desarrollar una oferta tur\u00edstica transnacional diversificada basada en el principio de \u201cTurismo para Todos\u201d y en un modelo de \u201cTurismo Slow\u201d, poniendo en valor el patrimonio material e inmaterial existente en las rutas europeas de peregrinaci\u00f3n;<\/span><\/p>\n<\/li>\n<li>\n<p align=\"JUSTIFY\"><span lang=\"es-ES\">Establecer y mejorar la cooperaci\u00f3n entre los proveedores de servicios tur\u00edsticos locales p\u00fablicos y privados a nivel local, regional y transnacional con el fin de mejorar la calidad de la oferta en todos los niveles de la cadena tur\u00edstica y transformar cada destino en un \u201centorno accesible\u201d;<\/span><\/p>\n<\/li>\n<li>\n<p align=\"JUSTIFY\"><span lang=\"es-ES\">Aumentar la competitividad de los operadores tur\u00edsticos locales y estimular la creaci\u00f3n de nuevos servicios destinados a diferentes segmentos del mercado tur\u00edstico;<\/span><\/p>\n<\/li>\n<li>\n<p lang=\"es-ES\" align=\"JUSTIFY\">Desarrollar una comunicaci\u00f3n transnacional y una estrategia de marca que aumente la visibilidad y el atractivo del producto tur\u00edstico como una experiencia dirigida a todos los p\u00fablicos, no s\u00f3lo a personas con discapacidad.<\/p>\n<\/li>\n<\/ul>\n<p lang=\"en-US\" align=\"JUSTIFY\"><b>Resultados esperados<\/b><\/p>\n<ul>\n<li>\n<p align=\"JUSTIFY\"><span lang=\"es-ES\">Un mapa completo de todos los recursos (in)accesibles (rutas, servicios, infraestructuras, etc.) y barreras existentes a lo largo de las rutas de Espa\u00f1a e Italia<\/span><\/p>\n<\/li>\n<li>\n<p lang=\"en-US\" align=\"JUSTIFY\">Formaci\u00f3n de los agentes tur\u00edsticos p\u00fablicos y privados<\/p>\n<\/li>\n<li>\n<p lang=\"es-ES\" align=\"JUSTIFY\">Un Plan de Turismo Accesible firmado por los agentes locales interesados, tanto p\u00fablicos como privados<\/p>\n<\/li>\n<li>\n<p align=\"JUSTIFY\"><span lang=\"es-ES\">Dise\u00f1o de una oferta de turismo accesible y creaci\u00f3n de paquetes tur\u00edsticos adaptados a estos destinos<\/span><\/p>\n<\/li>\n<\/ul>\n<p align=\"JUSTIFY\"><span lang=\"es-ES\"><b>Actividades destinadas a los agentes locales<\/b><\/span><\/p>\n<ul>\n<li>\n<p align=\"JUSTIFY\"><span lang=\"en-US\">Cursos de formaci\u00f3n sobre las oportunidades del turismo accessible y requisitos de accesibilidad, destinados a empresas\/proveedores de servicios tur\u00edsticos<\/span><\/p>\n<\/li>\n<li>\n<p align=\"JUSTIFY\"><span lang=\"en-US\">Organizaci\u00f3n de mesas redondas con los agentes locales (c\u00e1maras de comercio, entidades locales, asociaciones locales, asociaciones profesionales, PYMES, etc) con el objeto de definir una hoja de ruta de la Oferta de Turismo Accessible y un Plan de Acci\u00f3n destinado a eliminar las barreras existentes <\/span><\/p>\n<\/li>\n<li>\n<p align=\"JUSTIFY\"><span lang=\"en-US\">Conferencias regionales donde debatir sobre las actividades del proyecto e intercambiar experiencias y buenas pr\u00e1cticas<\/span><\/p>\n<\/li>\n<\/ul>\n<p><em>El proyecto \u201cSA.BE.R.\u00a0Universal\u201d nace a partir de\u00a0la convocatoria \u201cSupporting\u00a0Competitive and Sustainable\u00a0Growth in the Tourism\u00a0Sector\u201d del Programa Europeo\u00a0COSME.<\/em><\/p>\n<p><em>\u201cOpenUpRoutes!\u201d es nuestra\u00a0marca y una invitaci\u00f3n a\u00a0transformar las rutas e\u00a0itinerarios en algo integrador\u00a0y universal, de modo que\u00a0todas las personas, con\u00a0discapacidad temporal o\u00a0permanente, puedan disfrutar\u00a0la experiencia tur\u00edstica en\u00a0rutas naturales y culturales.<\/em><\/p>\n","protected":false},"excerpt":{"rendered":"<p>Proyecto SABER Universal El proyecto SABER (\u201cSAntiago, St. BEnedict, Routes Universal\u201d) pretende crear una oferta de turismo accesible mejorando las infraestructuras y servicios de dos itinerarios europeos de gran relevancia: el Camino de Santiago en Espa\u00f1a, la m\u00e1s importante y popular ruta de peregrinaci\u00f3n a Santiago de Compostela y el Camino de San Benito en [&hellip;]<\/p>\n","protected":false},"author":1,"featured_media":0,"parent":0,"menu_order":0,"comment_status":"closed","ping_status":"open","template":"","meta":{"footnotes":""},"class_list":["post-118","page","type-page","status-publish","hentry"],"_links":{"self":[{"href":"https:\/\/www.openuproutes.eu\/es\/wp-json\/wp\/v2\/pages\/118","targetHints":{"allow":["GET"]}}],"collection":[{"href":"https:\/\/www.openuproutes.eu\/es\/wp-json\/wp\/v2\/pages"}],"about":[{"href":"https:\/\/www.openuproutes.eu\/es\/wp-json\/wp\/v2\/types\/page"}],"author":[{"embeddable":true,"href":"https:\/\/www.openuproutes.eu\/es\/wp-json\/wp\/v2\/users\/1"}],"replies":[{"embeddable":true,"href":"https:\/\/www.openuproutes.eu\/es\/wp-json\/wp\/v2\/comments?post=118"}],"version-history":[{"count":5,"href":"https:\/\/www.openuproutes.eu\/es\/wp-json\/wp\/v2\/pages\/118\/revisions"}],"predecessor-version":[{"id":367,"href":"https:\/\/www.openuproutes.eu\/es\/wp-json\/wp\/v2\/pages\/118\/revisions\/367"}],"wp:attachment":[{"href":"https:\/\/www.openuproutes.eu\/es\/wp-json\/wp\/v2\/media?parent=118"}],"curies":[{"name":"wp","href":"https:\/\/api.w.org\/{rel}","templated":true}]}}