{"id":137,"date":"2016-09-26T14:27:17","date_gmt":"2016-09-26T12:27:17","guid":{"rendered":"http:\/\/www.openuproutes.eu\/es\/?page_id=137"},"modified":"2017-02-13T19:09:33","modified_gmt":"2017-02-13T17:09:33","slug":"el-camino-de-santiago-para-todos","status":"publish","type":"page","link":"https:\/\/www.openuproutes.eu\/es\/el-camino-de-santiago-para-todos\/","title":{"rendered":"El Camino de Santiago para todos"},"content":{"rendered":"<p><img loading=\"lazy\" decoding=\"async\" class=\"aligncenter wp-image-228 size-full\" src=\"http:\/\/www.openuproutes.eu\/wp-content\/uploads\/2016\/09\/9666.png\" alt=\"9666\" width=\"1302\" height=\"472\" srcset=\"https:\/\/www.openuproutes.eu\/wp-content\/uploads\/2016\/09\/9666.png 1302w, https:\/\/www.openuproutes.eu\/wp-content\/uploads\/2016\/09\/9666-300x109.png 300w, https:\/\/www.openuproutes.eu\/wp-content\/uploads\/2016\/09\/9666-768x278.png 768w, https:\/\/www.openuproutes.eu\/wp-content\/uploads\/2016\/09\/9666-1024x371.png 1024w, https:\/\/www.openuproutes.eu\/wp-content\/uploads\/2016\/09\/9666-830x301.png 830w, https:\/\/www.openuproutes.eu\/wp-content\/uploads\/2016\/09\/9666-230x83.png 230w, https:\/\/www.openuproutes.eu\/wp-content\/uploads\/2016\/09\/9666-350x127.png 350w, https:\/\/www.openuproutes.eu\/wp-content\/uploads\/2016\/09\/9666-480x174.png 480w\" sizes=\"auto, (max-width: 1302px) 100vw, 1302px\" \/>El Camino de Santiago tiene el reconocimiento de Itinerario Cultural Europeo desde 1987 y de Patrimonio de la Humanidad por la UNESCO desde 1993. Es adem\u00e1s uno de los m\u00e1s importantes legados religiosos de Europa. Turismo de Galicia trata de prestar especial atenci\u00f3n a las personas con necesidades especiales y grupos espec\u00edficos de turistas con discapacidad, por eso el Camino est\u00e1 abierto a todos. El Camino de Santiago es una opci\u00f3n siempre constructiva, donde cada persona logra, de alg\u00fan modo, resituarse, relativizar y reevaluar su propia existencia.<\/p>\n<p align=\"JUSTIFY\">Es muy significativo que, en 2014, un centenar de personas haya conseguido culminar el Camino en silla de ruedas. Esto indica, al mismo tiempo, el firme compromiso de Turismo de Galicia con la apertura de esta ruta a todas las personas, posibilitando as\u00ed que todo el mundo pueda acometer esta experiencia, superando cualquier l\u00edmite u obst\u00e1culo que inicialmente pueda parecer imposible de salvar.<\/p>\n<p align=\"JUSTIFY\">La principal tarea a desarrollar por S-cape Travel en cuanto a Evaluaci\u00f3n de Accesibilidad, ser\u00e1 el desarrollo de dos paquetes de piloto en el Camino de Santiago (Camino Franc\u00e9s), uno en Galicia y otro en Castilla y L\u00e9on. Tras un primer an\u00e1lisis de datos ya existentes sobre grado de accesibilidad de diversos servicios e infraestructuras del Camino de Santiago, S-cape Travel llevar\u00e1 a cabo, junto con APTAA, dos tests de evaluaci\u00f3n sobre el terreno con el fin de detectar los obst\u00e1culos y limitaciones log\u00edsticas a tener en cuenta por los operadores y proveedores de servicios tur\u00edsticos que deseen incluir \u201crutas accesibles\u201d en sus cat\u00e1logos. El resultado de estos tests se materializar\u00e1 en el dise\u00f1o de dos paquetes piloto que formar\u00e1n parte del posterior programa de formaci\u00f3n a desarrollar con operadores p\u00fablicos y privados. Todos los datos recogidos tanto a nivel de gabinete como sobre el terreno ser\u00e1n incorporados a un informe final que incluir\u00e1 recursos accesibles, obst\u00e1culos encontrados y puntos cr\u00edticos en el Camino de Santiago.<\/p>\n<p align=\"JUSTIFY\">Dicho informe ser\u00e1 el documento de debate en las mesas redondas con distintos colectivos locales.<\/p>\n<p lang=\"es-ES\" align=\"JUSTIFY\"><em>El Camino de Santiago parte de Saint-Jean-Pied-de-Port en la parte francesa de los Pirineos y de Roncesvalles en la parte espa\u00f1ola. Desde all\u00ed discurre a lo largo de otros 780 km hasta Santiago de Compostela pasando por las ciudades de Pamplona, Logro\u00f1o, Burgos y Le\u00f3n. El proyecto se centrar\u00e1 en las regiones de Galicia y Castilla Le\u00f3n. Los \u00faltimos 100 km del Camino de Santiago, necesarios para obtener el certificado de \u201cLa Compostela\u201d, discurren por Galicia. Castilla y Le\u00f3n por su parte, cubre la mayor parte del Camino (un total de 370 km).<\/em><\/p>\n","protected":false},"excerpt":{"rendered":"<p>El Camino de Santiago tiene el reconocimiento de Itinerario Cultural Europeo desde 1987 y de Patrimonio de la Humanidad por la UNESCO desde 1993. Es adem\u00e1s uno de los m\u00e1s importantes legados religiosos de Europa. Turismo de Galicia trata de prestar especial atenci\u00f3n a las personas con necesidades especiales y grupos espec\u00edficos de turistas con [&hellip;]<\/p>\n","protected":false},"author":1,"featured_media":178,"parent":0,"menu_order":3,"comment_status":"closed","ping_status":"closed","template":"page-templates\/page_fullwidth.php","meta":{"footnotes":""},"class_list":["post-137","page","type-page","status-publish","has-post-thumbnail","hentry"],"_links":{"self":[{"href":"https:\/\/www.openuproutes.eu\/es\/wp-json\/wp\/v2\/pages\/137","targetHints":{"allow":["GET"]}}],"collection":[{"href":"https:\/\/www.openuproutes.eu\/es\/wp-json\/wp\/v2\/pages"}],"about":[{"href":"https:\/\/www.openuproutes.eu\/es\/wp-json\/wp\/v2\/types\/page"}],"author":[{"embeddable":true,"href":"https:\/\/www.openuproutes.eu\/es\/wp-json\/wp\/v2\/users\/1"}],"replies":[{"embeddable":true,"href":"https:\/\/www.openuproutes.eu\/es\/wp-json\/wp\/v2\/comments?post=137"}],"version-history":[{"count":2,"href":"https:\/\/www.openuproutes.eu\/es\/wp-json\/wp\/v2\/pages\/137\/revisions"}],"predecessor-version":[{"id":231,"href":"https:\/\/www.openuproutes.eu\/es\/wp-json\/wp\/v2\/pages\/137\/revisions\/231"}],"wp:featuredmedia":[{"embeddable":true,"href":"https:\/\/www.openuproutes.eu\/es\/wp-json\/wp\/v2\/media\/178"}],"wp:attachment":[{"href":"https:\/\/www.openuproutes.eu\/es\/wp-json\/wp\/v2\/media?parent=137"}],"curies":[{"name":"wp","href":"https:\/\/api.w.org\/{rel}","templated":true}]}}