{"id":139,"date":"2016-09-26T14:28:20","date_gmt":"2016-09-26T12:28:20","guid":{"rendered":"http:\/\/www.openuproutes.eu\/es\/?page_id=139"},"modified":"2017-02-13T18:50:55","modified_gmt":"2017-02-13T16:50:55","slug":"el-camino-de-san-benito-para-todos","status":"publish","type":"page","link":"https:\/\/www.openuproutes.eu\/es\/el-camino-de-san-benito-para-todos\/","title":{"rendered":"El Camino de San Benito para todos"},"content":{"rendered":"<p><img loading=\"lazy\" decoding=\"async\" class=\"alignright wp-image-223 size-full\" src=\"http:\/\/www.openuproutes.eu\/wp-content\/uploads\/2016\/07\/71621.png\" alt=\"71621\" width=\"513\" height=\"717\" srcset=\"https:\/\/www.openuproutes.eu\/wp-content\/uploads\/2016\/07\/71621.png 513w, https:\/\/www.openuproutes.eu\/wp-content\/uploads\/2016\/07\/71621-215x300.png 215w, https:\/\/www.openuproutes.eu\/wp-content\/uploads\/2016\/07\/71621-230x321.png 230w, https:\/\/www.openuproutes.eu\/wp-content\/uploads\/2016\/07\/71621-350x489.png 350w, https:\/\/www.openuproutes.eu\/wp-content\/uploads\/2016\/07\/71621-480x671.png 480w\" sizes=\"auto, (max-width: 513px) 100vw, 513px\" \/>En el proyecto SABER, en cuanto a la Evaluaci\u00f3n de la Accesibilidad, la tarea principal consiste en llevar a cabo un mapa los m\u00e1s completo posible de todos los recursos accesibles (rutas, servicios, infraestructuras, etc.) identificando al mismo tiempo las barreras arquitect\u00f3nicas existentes a lo largo del Camino de San Benito.<\/p>\n<p align=\"JUSTIFY\"><span lang=\"es-ES\">El equipo de <\/span><span lang=\"es-ES\"><b>Free Wheels<\/b><\/span><span lang=\"es-ES\"> marcar\u00e1 y verificar\u00e1 un recorrido aproximado de 350 km por carretera asfaltada, evitando las carreteras nacionales, acerc\u00e1ndose donde sea posible al camino original utilizado desde la antig\u00fcedad. <\/span><\/p>\n<p lang=\"es-ES\" align=\"JUSTIFY\">Se recoger\u00e1n los datos geoespaciales referidos a:<\/p>\n<ul>\n<li>\n<p lang=\"es-ES\" align=\"JUSTIFY\">los alojamientos (hotel, posada, hotel rural, casa de campo, apartamento tur\u00edstico, etc.)<\/p>\n<\/li>\n<li>\n<p lang=\"es-ES\" align=\"JUSTIFY\">los servicios y establecimientos (bar, restaurante, tienda, centro de salud, transporte p\u00fablico, etc.).<\/p>\n<\/li>\n<\/ul>\n<p lang=\"es-ES\" align=\"JUSTIFY\">A trav\u00e9s de un estudio previo de la zona en cuesti\u00f3n y de la ruta existente, se evaluar\u00e1 la situaci\u00f3n actual del recorrido, de los alojamientos y servicios mencionados. Para facilitar la prueba de campo se emplear\u00e1 un moderno software que proporcione datos de las infraestructuras en tiempo real; tambi\u00e9n se va a utilizar la informaci\u00f3n facilitada por los entes locales.<\/p>\n<p align=\"JUSTIFY\"><span lang=\"es-ES\">El equipo de<\/span><span lang=\"es-ES\"><b> Free Wheels<\/b><\/span><span lang=\"es-ES\"> llevar\u00e1 a cabo la prueba de campo a pie o en bicicleta utilizando el GPS en combinaci\u00f3n con c\u00e1mara digital de alta resoluci\u00f3n para captar las zonas criticasen la ruta, las instalaciones accesibles (bar, restaurante, etc.) y los servicios. Los resultados ser\u00e1n registrados en las respectivas fichas de evaluaci\u00f3n.<\/span><span lang=\"es-ES\">?<\/span><\/p>\n<p align=\"JUSTIFY\"><span lang=\"es-ES\">Con respecto a los alojamientos, se realizar\u00e1<\/span> <span lang=\"es-ES\">un estudio preliminar a trav\u00e9s de internet, de los municipios y de las oficinas de turismo para identificar las instalaciones existentes situadas a una distancia m\u00e1xima de 1.500 metros del recorrido. A los establecimientos se enviar\u00e1 una <\/span><span lang=\"es-ES\"><i>ficha de auto-evaluaci\u00f3n preliminar <\/i><\/span><span lang=\"es-ES\">y la informaci\u00f3n sobre el proyecto en curso.<\/span><\/p>\n<p lang=\"es-ES\" align=\"JUSTIFY\">Para la prueba de campo, se seleccionar\u00e1n y examinar\u00e1n unos establecimientos para comprobar si cumplen con los criterios de accesibilidad, con objeto de proporcionar una informaci\u00f3n fiable a los potenciales usuarios con necesidades especiales. En este caso tambi\u00e9n, los resultados ser\u00e1n registrados en las respectivas fichas de evaluaci\u00f3n.<\/p>\n<p align=\"JUSTIFY\"><span lang=\"es-ES\">Si los establecimientos examinados no satisficieran los criterios de accesibilidad, el los criterios de accesibilidad, el equipo de <\/span><span lang=\"es-ES\"><b>Free Wheels<\/b><\/span><span lang=\"es-ES\"> proceder\u00e1 a examinar m\u00e1s establecimientos hasta que se encuentre por lo menos uno accesible. <\/span><\/p>\n<p align=\"JUSTIFY\"><em>\u201cEl Camino de San Benito\u201d es un itinerario que recorre, a lo largo de 310 km, caminos y carreteras secundarias de Umbria y Lacio siguiendo los pasos de San Benito; desde Norcia, lugar de nacimiento del Santo, hasta Montecassino, donde pas\u00f3 la \u00faltima parte de su vida; atravesando espacios naturales, lugares de inter\u00e9s hist\u00f3rico y peque\u00f1as poblaciones.<\/em><\/p>\n","protected":false},"excerpt":{"rendered":"<p>En el proyecto SABER, en cuanto a la Evaluaci\u00f3n de la Accesibilidad, la tarea principal consiste en llevar a cabo un mapa los m\u00e1s completo posible de todos los recursos accesibles (rutas, servicios, infraestructuras, etc.) identificando al mismo tiempo las barreras arquitect\u00f3nicas existentes a lo largo del Camino de San Benito. El equipo de Free [&hellip;]<\/p>\n","protected":false},"author":1,"featured_media":170,"parent":0,"menu_order":2,"comment_status":"closed","ping_status":"closed","template":"page-templates\/page_fullwidth.php","meta":{"footnotes":""},"class_list":["post-139","page","type-page","status-publish","has-post-thumbnail","hentry"],"_links":{"self":[{"href":"https:\/\/www.openuproutes.eu\/es\/wp-json\/wp\/v2\/pages\/139","targetHints":{"allow":["GET"]}}],"collection":[{"href":"https:\/\/www.openuproutes.eu\/es\/wp-json\/wp\/v2\/pages"}],"about":[{"href":"https:\/\/www.openuproutes.eu\/es\/wp-json\/wp\/v2\/types\/page"}],"author":[{"embeddable":true,"href":"https:\/\/www.openuproutes.eu\/es\/wp-json\/wp\/v2\/users\/1"}],"replies":[{"embeddable":true,"href":"https:\/\/www.openuproutes.eu\/es\/wp-json\/wp\/v2\/comments?post=139"}],"version-history":[{"count":2,"href":"https:\/\/www.openuproutes.eu\/es\/wp-json\/wp\/v2\/pages\/139\/revisions"}],"predecessor-version":[{"id":227,"href":"https:\/\/www.openuproutes.eu\/es\/wp-json\/wp\/v2\/pages\/139\/revisions\/227"}],"wp:featuredmedia":[{"embeddable":true,"href":"https:\/\/www.openuproutes.eu\/es\/wp-json\/wp\/v2\/media\/170"}],"wp:attachment":[{"href":"https:\/\/www.openuproutes.eu\/es\/wp-json\/wp\/v2\/media?parent=139"}],"curies":[{"name":"wp","href":"https:\/\/api.w.org\/{rel}","templated":true}]}}