{"id":144,"date":"2016-07-13T13:34:44","date_gmt":"2016-07-13T13:34:44","guid":{"rendered":"http:\/\/www.openuproutes.eu\/es\/home\/"},"modified":"2021-10-06T15:34:10","modified_gmt":"2021-10-06T13:34:10","slug":"home","status":"publish","type":"page","link":"https:\/\/www.openuproutes.eu\/es\/","title":{"rendered":"Home"},"content":{"rendered":"<div id=\"pl-144\"  class=\"panel-layout\" ><div id=\"pg-144-0\"  class=\"panel-grid panel-has-style\" ><div style=\"padding: 50px 0; \" data-overlay=\"true\" class=\"panel-row-style panel-row-style-for-144-0\" ><div id=\"pgc-144-0-0\"  class=\"panel-grid-cell\" ><div id=\"panel-144-0-0-0\" class=\"so-panel widget widget_wp_views panel-first-child\" data-index=\"0\" ><div style=\"text-align: left;\" data-title-color=\"#443f3f\" data-headings-color=\"#443f3f\" class=\"panel-widget-style panel-widget-style-for-144-0-0-0\" ><h3 class=\"widget-title\">Descubre los caminos accesibles<\/h3>\n\n\n<div id=\"wpv-view-layout-722-TCPID144\" class=\"js-wpv-view-layout js-wpv-layout-responsive js-wpv-view-layout-722-TCPID144\" data-viewnumber=\"722-TCPID144\" data-pagination=\"{&quot;id&quot;:722,&quot;query&quot;:&quot;normal&quot;,&quot;type&quot;:&quot;disabled&quot;,&quot;effect&quot;:&quot;fade&quot;,&quot;duration&quot;:500,&quot;speed&quot;:5,&quot;pause_on_hover&quot;:&quot;disabled&quot;,&quot;stop_rollover&quot;:&quot;false&quot;,&quot;cache_pages&quot;:&quot;enabled&quot;,&quot;preload_images&quot;:&quot;enabled&quot;,&quot;preload_pages&quot;:&quot;enabled&quot;,&quot;preload_reach&quot;:1,&quot;spinner&quot;:&quot;builtin&quot;,&quot;spinner_image&quot;:&quot;https:\/\/www.openuproutes.eu\/wp-content\/plugins\/wp-views\/res\/img\/ajax-loader.gif&quot;,&quot;callback_next&quot;:&quot;&quot;,&quot;manage_history&quot;:&quot;enabled&quot;,&quot;has_controls_in_form&quot;:&quot;disabled&quot;,&quot;infinite_tolerance&quot;:&quot;0&quot;,&quot;max_pages&quot;:1,&quot;page&quot;:1,&quot;base_permalink&quot;:&quot;\/es\/wp-json\/wp\/v2\/pages\/144?wpv_view_count=722-TCPID144&amp;wpv_paged=WPV_PAGE_NUM&quot;,&quot;loop&quot;:{&quot;type&quot;:&quot;&quot;,&quot;name&quot;:&quot;&quot;,&quot;data&quot;:[],&quot;id&quot;:0}}\" data-permalink=\"\/es\/wp-json\/wp\/v2\/pages\/144?wpv_view_count=722-TCPID144\">\n\n\t\n\t<!-- wpv-loop-start -->\n\t<div class=\"container wpv-loop js-wpv-loop\">\n\t\n\t\t\n\t\t<div class=\"row \">\n\t\t\t<div class=\"col-md-4\"><a href=\"https:\/\/www.openuproutes.eu\/es\/el-camino-de-santiago-para-todos\/\"><img loading=\"lazy\" decoding=\"async\" width=\"1920\" height=\"1270\" src=\"https:\/\/www.openuproutes.eu\/wp-content\/uploads\/2016\/07\/Santiago_2.jpg\" class=\"attachment-thumbnail-servizio size-thumbnail-servizio wp-post-image\" alt=\"\" srcset=\"https:\/\/www.openuproutes.eu\/wp-content\/uploads\/2016\/07\/Santiago_2.jpg 1920w, https:\/\/www.openuproutes.eu\/wp-content\/uploads\/2016\/07\/Santiago_2-300x198.jpg 300w, https:\/\/www.openuproutes.eu\/wp-content\/uploads\/2016\/07\/Santiago_2-768x508.jpg 768w, https:\/\/www.openuproutes.eu\/wp-content\/uploads\/2016\/07\/Santiago_2-1024x677.jpg 1024w, https:\/\/www.openuproutes.eu\/wp-content\/uploads\/2016\/07\/Santiago_2-830x549.jpg 830w, https:\/\/www.openuproutes.eu\/wp-content\/uploads\/2016\/07\/Santiago_2-230x152.jpg 230w, https:\/\/www.openuproutes.eu\/wp-content\/uploads\/2016\/07\/Santiago_2-350x232.jpg 350w, https:\/\/www.openuproutes.eu\/wp-content\/uploads\/2016\/07\/Santiago_2-480x318.jpg 480w\" sizes=\"auto, (max-width: 1920px) 100vw, 1920px\" \/><\/a>\n<div class=\"titolo\"><a href=\"https:\/\/www.openuproutes.eu\/es\/el-camino-de-santiago-para-todos\/\">El Camino de Santiago para todos<\/a><\/div><\/div>\n\t\t\n\t\t\n\t\t\t<div class=\"col-md-4\"><a href=\"https:\/\/www.openuproutes.eu\/es\/el-camino-de-san-benito-para-todos\/\"><img loading=\"lazy\" decoding=\"async\" width=\"1920\" height=\"1270\" src=\"https:\/\/www.openuproutes.eu\/wp-content\/uploads\/2016\/07\/Benedetto_1.jpg\" class=\"attachment-thumbnail-servizio size-thumbnail-servizio wp-post-image\" alt=\"\" srcset=\"https:\/\/www.openuproutes.eu\/wp-content\/uploads\/2016\/07\/Benedetto_1.jpg 1920w, https:\/\/www.openuproutes.eu\/wp-content\/uploads\/2016\/07\/Benedetto_1-300x198.jpg 300w, https:\/\/www.openuproutes.eu\/wp-content\/uploads\/2016\/07\/Benedetto_1-768x508.jpg 768w, https:\/\/www.openuproutes.eu\/wp-content\/uploads\/2016\/07\/Benedetto_1-1024x677.jpg 1024w, https:\/\/www.openuproutes.eu\/wp-content\/uploads\/2016\/07\/Benedetto_1-830x549.jpg 830w, https:\/\/www.openuproutes.eu\/wp-content\/uploads\/2016\/07\/Benedetto_1-230x152.jpg 230w, https:\/\/www.openuproutes.eu\/wp-content\/uploads\/2016\/07\/Benedetto_1-350x232.jpg 350w, https:\/\/www.openuproutes.eu\/wp-content\/uploads\/2016\/07\/Benedetto_1-480x318.jpg 480w\" sizes=\"auto, (max-width: 1920px) 100vw, 1920px\" \/><\/a>\n<div class=\"titolo\"><a href=\"https:\/\/www.openuproutes.eu\/es\/el-camino-de-san-benito-para-todos\/\">El Camino de San Benito para todos<\/a><\/div><\/div>\n\t\t\n\t\t\n\t\t\t<div class=\"col-md-4\"><a href=\"https:\/\/www.openuproutes.eu\/es\/etapas-del-proyecto\/\"><img loading=\"lazy\" decoding=\"async\" width=\"2048\" height=\"1365\" src=\"https:\/\/www.openuproutes.eu\/wp-content\/uploads\/2016\/10\/camino-santiago-estatua_contraluz.jpg\" class=\"attachment-thumbnail-servizio size-thumbnail-servizio wp-post-image\" alt=\"\" srcset=\"https:\/\/www.openuproutes.eu\/wp-content\/uploads\/2016\/10\/camino-santiago-estatua_contraluz.jpg 2048w, https:\/\/www.openuproutes.eu\/wp-content\/uploads\/2016\/10\/camino-santiago-estatua_contraluz-300x200.jpg 300w, https:\/\/www.openuproutes.eu\/wp-content\/uploads\/2016\/10\/camino-santiago-estatua_contraluz-768x512.jpg 768w, https:\/\/www.openuproutes.eu\/wp-content\/uploads\/2016\/10\/camino-santiago-estatua_contraluz-1024x683.jpg 1024w, https:\/\/www.openuproutes.eu\/wp-content\/uploads\/2016\/10\/camino-santiago-estatua_contraluz-600x400.jpg 600w, https:\/\/www.openuproutes.eu\/wp-content\/uploads\/2016\/10\/camino-santiago-estatua_contraluz-830x553.jpg 830w, https:\/\/www.openuproutes.eu\/wp-content\/uploads\/2016\/10\/camino-santiago-estatua_contraluz-230x153.jpg 230w, https:\/\/www.openuproutes.eu\/wp-content\/uploads\/2016\/10\/camino-santiago-estatua_contraluz-350x233.jpg 350w, https:\/\/www.openuproutes.eu\/wp-content\/uploads\/2016\/10\/camino-santiago-estatua_contraluz-480x320.jpg 480w\" sizes=\"auto, (max-width: 2048px) 100vw, 2048px\" \/><\/a>\n<div class=\"titolo\"><a href=\"https:\/\/www.openuproutes.eu\/es\/etapas-del-proyecto\/\">Etapas del proyecto<\/a><\/div><\/div>\n\t\t<\/div>\n\t\t\n\t<\/div>\n\t<!-- wpv-loop-end -->\n\t\n\t\n<\/div>\n<\/div><\/div><div id=\"panel-144-0-0-1\" class=\"so-panel widget widget_sydney_latest_news sydney_latest_news_widget panel-last-child\" data-index=\"1\" ><div style=\"text-align: left;\" data-title-color=\"#443f3f\" data-headings-color=\"#443f3f\" class=\"panel-widget-style panel-widget-style-for-144-0-0-1\" >\t\t<h3 class=\"widget-title\">Novedades<\/h3>\r\n\t\t\t\t\t<div class=\"blog-post col-md-4 col-sm-6 col-xs-12\">\r\n\t\t\t\t\t\t\t<div class=\"entry-thumb\">\r\n\t\t\t\t\t<a href=\"https:\/\/www.openuproutes.eu\/es\/2017\/12\/21\/freewheelsonlus-presenta-el-camino-de-san-benito-trazado-para-openuproutes-en-fa-la-cosa-giusta-2018\/\" title=\"FreeWheelsOnlus presenta el Camino de San Benito trazado para OpenUpRoutes! en \u201cFa La Cosa Giusta 2018\u201d\">\r\n\t\t\t\t\t\t<img loading=\"lazy\" decoding=\"async\" width=\"550\" height=\"400\" src=\"https:\/\/www.openuproutes.eu\/wp-content\/uploads\/2017\/12\/4-550x400.jpg\" class=\"attachment-sydney-medium-thumb size-sydney-medium-thumb wp-post-image\" alt=\"\" \/>\t\t\t\t\t<\/a>\t\t\t\r\n\t\t\t\t<\/div>\t\r\n\t\t\t\t\t\t\t\t\t\r\n\t\t\t<h4 class=\"entry-title\"><a href=\"https:\/\/www.openuproutes.eu\/es\/2017\/12\/21\/freewheelsonlus-presenta-el-camino-de-san-benito-trazado-para-openuproutes-en-fa-la-cosa-giusta-2018\/\" rel=\"bookmark\">FreeWheelsOnlus presenta el Camino de San Benito trazado para OpenUpRoutes! en \u201cFa La Cosa Giusta 2018\u201d<\/a><\/h4>\t\t\t\t<div class=\"entry-summary\"><p>Una vez finalizado el proyecto SA.BE.R Universal, FreeWheelsOnlus presentar\u00e1 en \u201cFa La Cosa Giusta 2018\u201d (Haz lo correcto), la feria de consumo cr\u00edtico y formas de vida sostenibles, la variante por carretera del Camino de San Benito \u2013 de Norcia a Montecassino- que cada tipo de usuario puede recorrer, a la espera que se pueda realizar la primera gu\u00eda para todos de un camino en Italia.<\/p>\n<\/div>\r\n\t\t\t<\/div>\r\n\t\t\t\t\t<div class=\"blog-post col-md-4 col-sm-6 col-xs-12\">\r\n\t\t\t\t\t\t\t<div class=\"entry-thumb\">\r\n\t\t\t\t\t<a href=\"https:\/\/www.openuproutes.eu\/es\/2017\/12\/21\/exposiciones-en-las-que-se-presento-el-proyecto-openuproutes\/\" title=\"\u00a1Exposiciones en las que se present\u00f3 el proyecto OpenUpRoutes!\">\r\n\t\t\t\t\t\t<img loading=\"lazy\" decoding=\"async\" width=\"550\" height=\"400\" src=\"https:\/\/www.openuproutes.eu\/wp-content\/uploads\/2017\/12\/Fairway-panels-550x400.jpg\" class=\"attachment-sydney-medium-thumb size-sydney-medium-thumb wp-post-image\" alt=\"\" \/>\t\t\t\t\t<\/a>\t\t\t\r\n\t\t\t\t<\/div>\t\r\n\t\t\t\t\t\t\t\t\t\r\n\t\t\t<h4 class=\"entry-title\"><a href=\"https:\/\/www.openuproutes.eu\/es\/2017\/12\/21\/exposiciones-en-las-que-se-presento-el-proyecto-openuproutes\/\" rel=\"bookmark\">\u00a1Exposiciones en las que se present\u00f3 el proyecto OpenUpRoutes!<\/a><\/h4>\t\t\t\t<div class=\"entry-summary\"><p>Fairway Santiago (13- 14 Noviembre 2017) S-Cape Travel particip\u00f3 activamente en los workshops de la feria internacional Fairway y mantuvo encuentros con 11 agencias que manifestaron inter\u00e9s por los paquetes accesibles en el Camino de Santiago. Durante las reuniones, S-cape Travel entreg\u00f3 a estas agencias el cat\u00e1logo de los paquetes dise\u00f1ados en el marco del [&hellip;]<\/p>\n<\/div>\r\n\t\t\t<\/div>\r\n\t\t\t\t\t<div class=\"blog-post col-md-4 col-sm-6 col-xs-12\">\r\n\t\t\t\t\t\t\t<div class=\"entry-thumb\">\r\n\t\t\t\t\t<a href=\"https:\/\/www.openuproutes.eu\/es\/2017\/12\/21\/cuatro-mesas-redondas-en-galicia-para-elaborar-la-carta-de-sostenibilidad-y-el-plan-de-accion\/\" title=\"Cuatro mesas redondas en Galicia para elaborar la Carta de Sostenibilidad y el Plan de Acci\u00f3n\">\r\n\t\t\t\t\t\t<img loading=\"lazy\" decoding=\"async\" width=\"550\" height=\"400\" src=\"https:\/\/www.openuproutes.eu\/wp-content\/uploads\/2017\/12\/2017.10.05_Coru\u00f1a-1-1024x768-550x400.jpg\" class=\"attachment-sydney-medium-thumb size-sydney-medium-thumb wp-post-image\" alt=\"\" \/>\t\t\t\t\t<\/a>\t\t\t\r\n\t\t\t\t<\/div>\t\r\n\t\t\t\t\t\t\t\t\t\r\n\t\t\t<h4 class=\"entry-title\"><a href=\"https:\/\/www.openuproutes.eu\/es\/2017\/12\/21\/cuatro-mesas-redondas-en-galicia-para-elaborar-la-carta-de-sostenibilidad-y-el-plan-de-accion\/\" rel=\"bookmark\">Cuatro mesas redondas en Galicia para elaborar la Carta de Sostenibilidad y el Plan de Acci\u00f3n<\/a><\/h4>\t\t\t\t<div class=\"entry-summary\"><p>Las Mesas Redondas sobre la Aplicaci\u00f3n de la Accesibilidad en el Sector Tur\u00edstico son un conjunto de acciones, promovidas por la Agencia Turismo de Galicia, enmarcadas en el proyecto \u00abSantiago, San Beneddetto Rutas universales, SABER Universal\u00bb, comunicado con la marca Open Up Routes, desarrolladas entre abril y octubre de 2017.<\/p>\n<\/div>\r\n\t\t\t<\/div>\r\n\t\t\r\n\t\t\t\t\t\t\t<a href=\"https:\/\/www.openuproutes.eu\/es\/category\/news-es\/\" class=\"roll-button more-button\">Leer todas las noticias<\/a>\r\n\t\t\t\t\r\n\t<\/div><\/div><\/div><\/div><\/div><div id=\"pg-144-1\"  class=\"panel-grid panel-has-style\" ><div style=\"padding: 50px 0; \" data-overlay=\"true\" data-overlay-color=\"#000000\" class=\"panel-row-style panel-row-style-for-144-1\" ><div id=\"pgc-144-1-0\"  class=\"panel-grid-cell\" ><div id=\"panel-144-1-0-0\" class=\"so-panel widget panel-first-child\" data-index=\"2\" ><div style=\"text-align: left;\" data-title-color=\"#443f3f\" data-headings-color=\"#443f3f\" class=\"panel-widget-style panel-widget-style-for-144-1-0-0\" ><\/div><\/div><div id=\"panel-144-1-0-1\" class=\"so-panel widget widget_sydney_clients sydney_clients_widget\" data-index=\"3\" ><div style=\"text-align: left;\" data-title-color=\"#443f3f\" data-headings-color=\"#443f3f\" class=\"panel-widget-style panel-widget-style-for-144-1-0-1\" >\r\n\r\n\t\t\t<h3 class=\"widget-title\">El proyecto est\u00e1 co-financiado por la UE sobre el programa COSME<\/h3>\t\t\t\t<div class=\"roll-client\">\r\n\t\t\t\t\t\t\t\t\t\t\t\t\t\t\t\t\t\t\t\t<div class=\"client-item\">\r\n\t\t\t\t\t\t\t\t\t\t\t\t\t\t\t<img loading=\"lazy\" decoding=\"async\" width=\"230\" height=\"153\" src=\"https:\/\/www.openuproutes.eu\/wp-content\/uploads\/2016\/07\/Flag_of_Europe.svg_-230x153.png\" class=\"attachment-sydney-small-thumb size-sydney-small-thumb wp-post-image\" alt=\"\" srcset=\"https:\/\/www.openuproutes.eu\/wp-content\/uploads\/2016\/07\/Flag_of_Europe.svg_-230x153.png 230w, https:\/\/www.openuproutes.eu\/wp-content\/uploads\/2016\/07\/Flag_of_Europe.svg_-300x200.png 300w, https:\/\/www.openuproutes.eu\/wp-content\/uploads\/2016\/07\/Flag_of_Europe.svg_-768x512.png 768w, https:\/\/www.openuproutes.eu\/wp-content\/uploads\/2016\/07\/Flag_of_Europe.svg_-1024x682.png 1024w, https:\/\/www.openuproutes.eu\/wp-content\/uploads\/2016\/07\/Flag_of_Europe.svg_-830x553.png 830w, https:\/\/www.openuproutes.eu\/wp-content\/uploads\/2016\/07\/Flag_of_Europe.svg_-350x233.png 350w, https:\/\/www.openuproutes.eu\/wp-content\/uploads\/2016\/07\/Flag_of_Europe.svg_-480x320.png 480w, https:\/\/www.openuproutes.eu\/wp-content\/uploads\/2016\/07\/Flag_of_Europe.svg_-e1468942071657.png 120w\" sizes=\"auto, (max-width: 230px) 100vw, 230px\" \/>\t\t\t\t\t\t\t\t\t\t\t\t\t<\/div>\r\n\t\t\t\t\t\t\t\t\t\t\t\t\t<\/div>\t\t\r\n\r\n\t\t\t\t\r\n\r\n\r\n\t<\/div><\/div><div id=\"panel-144-1-0-2\" class=\"so-panel widget widget_sydney_clients sydney_clients_widget\" data-index=\"4\" ><div class=\"panel-widget-style panel-widget-style-for-144-1-0-2\" >\r\n\r\n\t\t\t<h3 class=\"widget-title\">Los partner  del proyecto<\/h3>\t\t\t\t<div class=\"roll-client\">\r\n\t\t\t\t\t\t\t\t\t\t\t\t\t\t\t\t\t\t\t\t<div class=\"client-item\">\r\n\t\t\t\t\t\t\t\t\t\t\t\t\t\t\t<a target=\"_self\" href=\"http:\/\/www.s-cape.eu\"><img loading=\"lazy\" decoding=\"async\" width=\"1299\" height=\"472\" src=\"https:\/\/www.openuproutes.eu\/wp-content\/uploads\/2016\/09\/SCAPE-travel_BRAND-IDENTITY_JPG-05.jpg\" class=\"attachment-post-thumbnail size-post-thumbnail wp-post-image\" alt=\"\" srcset=\"https:\/\/www.openuproutes.eu\/wp-content\/uploads\/2016\/09\/SCAPE-travel_BRAND-IDENTITY_JPG-05.jpg 1299w, https:\/\/www.openuproutes.eu\/wp-content\/uploads\/2016\/09\/SCAPE-travel_BRAND-IDENTITY_JPG-05-300x109.jpg 300w, https:\/\/www.openuproutes.eu\/wp-content\/uploads\/2016\/09\/SCAPE-travel_BRAND-IDENTITY_JPG-05-768x279.jpg 768w, https:\/\/www.openuproutes.eu\/wp-content\/uploads\/2016\/09\/SCAPE-travel_BRAND-IDENTITY_JPG-05-1024x372.jpg 1024w, https:\/\/www.openuproutes.eu\/wp-content\/uploads\/2016\/09\/SCAPE-travel_BRAND-IDENTITY_JPG-05-600x218.jpg 600w, https:\/\/www.openuproutes.eu\/wp-content\/uploads\/2016\/09\/SCAPE-travel_BRAND-IDENTITY_JPG-05-830x302.jpg 830w, https:\/\/www.openuproutes.eu\/wp-content\/uploads\/2016\/09\/SCAPE-travel_BRAND-IDENTITY_JPG-05-230x84.jpg 230w, https:\/\/www.openuproutes.eu\/wp-content\/uploads\/2016\/09\/SCAPE-travel_BRAND-IDENTITY_JPG-05-350x127.jpg 350w, https:\/\/www.openuproutes.eu\/wp-content\/uploads\/2016\/09\/SCAPE-travel_BRAND-IDENTITY_JPG-05-480x174.jpg 480w\" sizes=\"auto, (max-width: 1299px) 100vw, 1299px\" \/><\/a>\r\n\t\t\t\t\t\t\t\t\t\t\t\t\t<\/div>\r\n\t\t\t\t\t\t\t\t\t\t\t\t\t\t\t\t\t\t\t\t\t\t\t\t\t<div class=\"client-item\">\r\n\t\t\t\t\t\t\t\t\t\t\t\t\t\t\t<a target=\"_self\" href=\"http:\/\/www.xunta.gal\/portada\"><img loading=\"lazy\" decoding=\"async\" width=\"805\" height=\"260\" src=\"https:\/\/www.openuproutes.eu\/wp-content\/uploads\/2016\/07\/galicia_logo_805x260px.jpg\" class=\"attachment-post-thumbnail size-post-thumbnail wp-post-image\" alt=\"\" srcset=\"https:\/\/www.openuproutes.eu\/wp-content\/uploads\/2016\/07\/galicia_logo_805x260px.jpg 805w, https:\/\/www.openuproutes.eu\/wp-content\/uploads\/2016\/07\/galicia_logo_805x260px-300x97.jpg 300w, https:\/\/www.openuproutes.eu\/wp-content\/uploads\/2016\/07\/galicia_logo_805x260px-768x248.jpg 768w, https:\/\/www.openuproutes.eu\/wp-content\/uploads\/2016\/07\/galicia_logo_805x260px-230x74.jpg 230w, https:\/\/www.openuproutes.eu\/wp-content\/uploads\/2016\/07\/galicia_logo_805x260px-350x113.jpg 350w, https:\/\/www.openuproutes.eu\/wp-content\/uploads\/2016\/07\/galicia_logo_805x260px-480x155.jpg 480w\" sizes=\"auto, (max-width: 805px) 100vw, 805px\" \/><\/a>\r\n\t\t\t\t\t\t\t\t\t\t\t\t\t<\/div>\r\n\t\t\t\t\t\t\t\t\t\t\t\t\t\t\t\t\t\t\t\t\t\t\t\t\t<div class=\"client-item\">\r\n\t\t\t\t\t\t\t\t\t\t\t\t\t\t\t<a target=\"_self\" href=\"http:\/\/www.ri.camcom.it\/\"><img loading=\"lazy\" decoding=\"async\" width=\"120\" height=\"120\" src=\"https:\/\/www.openuproutes.eu\/wp-content\/uploads\/2016\/07\/Rieti_CI_logo.jpg\" class=\"attachment-post-thumbnail size-post-thumbnail wp-post-image\" alt=\"\" \/><\/a>\r\n\t\t\t\t\t\t\t\t\t\t\t\t\t<\/div>\r\n\t\t\t\t\t\t\t\t\t\t\t\t\t\t\t\t\t\t\t\t\t\t\t\t\t<div class=\"client-item\">\r\n\t\t\t\t\t\t\t\t\t\t\t\t\t\t\t<a target=\"_self\" href=\"http:\/\/www.comune.rieti.it\/\"><img loading=\"lazy\" decoding=\"async\" width=\"120\" height=\"120\" src=\"https:\/\/www.openuproutes.eu\/wp-content\/uploads\/2016\/07\/Comune_di_Rieti_logo.jpg\" class=\"attachment-post-thumbnail size-post-thumbnail wp-post-image\" alt=\"\" srcset=\"https:\/\/www.openuproutes.eu\/wp-content\/uploads\/2016\/07\/Comune_di_Rieti_logo.jpg 120w, https:\/\/www.openuproutes.eu\/wp-content\/uploads\/2016\/07\/Comune_di_Rieti_logo-50x50.jpg 50w\" sizes=\"auto, (max-width: 120px) 100vw, 120px\" \/><\/a>\r\n\t\t\t\t\t\t\t\t\t\t\t\t\t<\/div>\r\n\t\t\t\t\t\t\t\t\t\t\t\t\t\t\t\t\t\t\t\t\t\t\t\t\t<div class=\"client-item\">\r\n\t\t\t\t\t\t\t\t\t\t\t\t\t\t\t<a target=\"_self\" href=\"http:\/\/www.freewheelsonlus.com\/\"><img loading=\"lazy\" decoding=\"async\" width=\"120\" height=\"120\" src=\"https:\/\/www.openuproutes.eu\/wp-content\/uploads\/2016\/07\/Free_Wheels_logo.jpg\" class=\"attachment-post-thumbnail size-post-thumbnail wp-post-image\" alt=\"\" \/><\/a>\r\n\t\t\t\t\t\t\t\t\t\t\t\t\t<\/div>\r\n\t\t\t\t\t\t\t\t\t\t\t\t\t\t\t\t\t\t\t\t\t\t\t\t\t<div class=\"client-item\">\r\n\t\t\t\t\t\t\t\t\t\t\t\t\t\t\t<a target=\"_self\" href=\"http:\/\/www.terre.it\"><img loading=\"lazy\" decoding=\"async\" width=\"120\" height=\"120\" src=\"https:\/\/www.openuproutes.eu\/wp-content\/uploads\/2016\/07\/Terredimezzo_log.jpg\" class=\"attachment-post-thumbnail size-post-thumbnail wp-post-image\" alt=\"\" \/><\/a>\r\n\t\t\t\t\t\t\t\t\t\t\t\t\t<\/div>\r\n\t\t\t\t\t\t\t\t\t\t\t\t\t<\/div>\t\t\r\n\r\n\t\t\t\t\r\n\r\n\r\n\t<\/div><\/div><div id=\"panel-144-1-0-3\" class=\"so-panel widget widget_sydney_clients sydney_clients_widget panel-last-child\" data-index=\"5\" ><div style=\"text-align: left;\" data-title-color=\"#443f3f\" data-headings-color=\"#443f3f\" class=\"panel-widget-style panel-widget-style-for-144-1-0-3\" >\r\n\r\n\t\t\t<h3 class=\"widget-title\">Colaboradores<\/h3>\t\t\t\t<div class=\"roll-client\">\r\n\t\t\t\t\t\t\t\t\t\t\t\t\t\t\t\t\t\t\t\t<div class=\"client-item\">\r\n\t\t\t\t\t\t\t\t\t\t\t\t\t\t\t<a target=\"_blank\" href=\"http:\/\/www.camminodibenedetto.it\/\"><img loading=\"lazy\" decoding=\"async\" width=\"165\" height=\"165\" src=\"https:\/\/www.openuproutes.eu\/wp-content\/uploads\/2017\/02\/cammino_di_san_benedetto.png.jpg\" class=\"attachment-post-thumbnail size-post-thumbnail wp-post-image\" alt=\"\" srcset=\"https:\/\/www.openuproutes.eu\/wp-content\/uploads\/2017\/02\/cammino_di_san_benedetto.png.jpg 165w, https:\/\/www.openuproutes.eu\/wp-content\/uploads\/2017\/02\/cammino_di_san_benedetto.png-150x150.jpg 150w, https:\/\/www.openuproutes.eu\/wp-content\/uploads\/2017\/02\/cammino_di_san_benedetto.png-50x50.jpg 50w\" sizes=\"auto, (max-width: 165px) 100vw, 165px\" \/><\/a>\r\n\t\t\t\t\t\t\t\t\t\t\t\t\t<\/div>\r\n\t\t\t\t\t\t\t\t\t\t\t\t\t\t\t\t\t\t\t\t\t\t\t\t\t<div class=\"client-item\">\r\n\t\t\t\t\t\t\t\t\t\t\t\t\t\t\t<a target=\"_blank\" href=\"http:\/\/radiofrancigena.com\/\"><img loading=\"lazy\" decoding=\"async\" width=\"8910\" height=\"2350\" src=\"https:\/\/www.openuproutes.eu\/wp-content\/uploads\/2017\/02\/logo_RF-mediapartner-.jpg\" class=\"attachment-post-thumbnail size-post-thumbnail wp-post-image\" alt=\"\" srcset=\"https:\/\/www.openuproutes.eu\/wp-content\/uploads\/2017\/02\/logo_RF-mediapartner-.jpg 8910w, https:\/\/www.openuproutes.eu\/wp-content\/uploads\/2017\/02\/logo_RF-mediapartner--300x79.jpg 300w, https:\/\/www.openuproutes.eu\/wp-content\/uploads\/2017\/02\/logo_RF-mediapartner--768x203.jpg 768w, https:\/\/www.openuproutes.eu\/wp-content\/uploads\/2017\/02\/logo_RF-mediapartner--1024x270.jpg 1024w, https:\/\/www.openuproutes.eu\/wp-content\/uploads\/2017\/02\/logo_RF-mediapartner--600x158.jpg 600w, https:\/\/www.openuproutes.eu\/wp-content\/uploads\/2017\/02\/logo_RF-mediapartner--830x219.jpg 830w, https:\/\/www.openuproutes.eu\/wp-content\/uploads\/2017\/02\/logo_RF-mediapartner--230x61.jpg 230w, https:\/\/www.openuproutes.eu\/wp-content\/uploads\/2017\/02\/logo_RF-mediapartner--350x92.jpg 350w, https:\/\/www.openuproutes.eu\/wp-content\/uploads\/2017\/02\/logo_RF-mediapartner--480x127.jpg 480w, https:\/\/www.openuproutes.eu\/wp-content\/uploads\/2017\/02\/logo_RF-mediapartner--340x90.jpg 340w\" sizes=\"auto, (max-width: 8910px) 100vw, 8910px\" \/><\/a>\r\n\t\t\t\t\t\t\t\t\t\t\t\t\t<\/div>\r\n\t\t\t\t\t\t\t\t\t\t\t\t\t\t\t\t\t\t\t\t\t\t\t\t\t<div class=\"client-item\">\r\n\t\t\t\t\t\t\t\t\t\t\t\t\t\t\t<a target=\"_blank\" href=\"http:\/\/www.aitr.org\"><img loading=\"lazy\" decoding=\"async\" width=\"1024\" height=\"296\" src=\"https:\/\/www.openuproutes.eu\/wp-content\/uploads\/2017\/02\/aitr.jpg\" class=\"attachment-post-thumbnail size-post-thumbnail wp-post-image\" alt=\"\" srcset=\"https:\/\/www.openuproutes.eu\/wp-content\/uploads\/2017\/02\/aitr.jpg 1024w, https:\/\/www.openuproutes.eu\/wp-content\/uploads\/2017\/02\/aitr-300x87.jpg 300w, https:\/\/www.openuproutes.eu\/wp-content\/uploads\/2017\/02\/aitr-768x222.jpg 768w, https:\/\/www.openuproutes.eu\/wp-content\/uploads\/2017\/02\/aitr-600x173.jpg 600w, https:\/\/www.openuproutes.eu\/wp-content\/uploads\/2017\/02\/aitr-830x240.jpg 830w, https:\/\/www.openuproutes.eu\/wp-content\/uploads\/2017\/02\/aitr-230x66.jpg 230w, https:\/\/www.openuproutes.eu\/wp-content\/uploads\/2017\/02\/aitr-350x101.jpg 350w, https:\/\/www.openuproutes.eu\/wp-content\/uploads\/2017\/02\/aitr-480x139.jpg 480w, https:\/\/www.openuproutes.eu\/wp-content\/uploads\/2017\/02\/aitr-340x98.jpg 340w\" sizes=\"auto, (max-width: 1024px) 100vw, 1024px\" \/><\/a>\r\n\t\t\t\t\t\t\t\t\t\t\t\t\t<\/div>\r\n\t\t\t\t\t\t\t\t\t\t\t\t\t\t\t\t\t\t\t\t\t\t\t\t\t<div class=\"client-item\">\r\n\t\t\t\t\t\t\t\t\t\t\t\t\t\t\t<a target=\"_blank\" href=\"http:\/\/www.aned-onlus.it\"><img loading=\"lazy\" decoding=\"async\" width=\"826\" height=\"531\" src=\"https:\/\/www.openuproutes.eu\/wp-content\/uploads\/2017\/02\/aned-logo.jpg\" class=\"attachment-post-thumbnail size-post-thumbnail wp-post-image\" alt=\"\" srcset=\"https:\/\/www.openuproutes.eu\/wp-content\/uploads\/2017\/02\/aned-logo.jpg 826w, https:\/\/www.openuproutes.eu\/wp-content\/uploads\/2017\/02\/aned-logo-300x193.jpg 300w, https:\/\/www.openuproutes.eu\/wp-content\/uploads\/2017\/02\/aned-logo-768x494.jpg 768w, https:\/\/www.openuproutes.eu\/wp-content\/uploads\/2017\/02\/aned-logo-600x386.jpg 600w, https:\/\/www.openuproutes.eu\/wp-content\/uploads\/2017\/02\/aned-logo-230x148.jpg 230w, https:\/\/www.openuproutes.eu\/wp-content\/uploads\/2017\/02\/aned-logo-350x225.jpg 350w, https:\/\/www.openuproutes.eu\/wp-content\/uploads\/2017\/02\/aned-logo-480x309.jpg 480w, https:\/\/www.openuproutes.eu\/wp-content\/uploads\/2017\/02\/aned-logo-340x219.jpg 340w\" sizes=\"auto, (max-width: 826px) 100vw, 826px\" \/><\/a>\r\n\t\t\t\t\t\t\t\t\t\t\t\t\t<\/div>\r\n\t\t\t\t\t\t\t\t\t\t\t\t\t\t\t\t\t\t\t\t\t\t\t\t\t<div class=\"client-item\">\r\n\t\t\t\t\t\t\t\t\t\t\t\t\t\t\t<a target=\"_blank\" href=\"https:\/\/www.jcyl.es\/\"><img loading=\"lazy\" decoding=\"async\" width=\"149\" height=\"93\" src=\"https:\/\/www.openuproutes.eu\/wp-content\/uploads\/2017\/02\/image002.jpg\" class=\"attachment-post-thumbnail size-post-thumbnail wp-post-image\" alt=\"\" \/><\/a>\r\n\t\t\t\t\t\t\t\t\t\t\t\t\t<\/div>\r\n\t\t\t\t\t\t\t\t\t\t\t\t\t\t\t\t\t\t\t\t\t\t\t\t\t<div class=\"client-item\">\r\n\t\t\t\t\t\t\t\t\t\t\t\t\t\t\t<a target=\"_blank\" href=\"http:\/\/www.asturiasadaptada.org\/\"><img loading=\"lazy\" decoding=\"async\" width=\"171\" height=\"62\" src=\"https:\/\/www.openuproutes.eu\/wp-content\/uploads\/2017\/02\/image004.jpg\" class=\"attachment-post-thumbnail size-post-thumbnail wp-post-image\" alt=\"\" \/><\/a>\r\n\t\t\t\t\t\t\t\t\t\t\t\t\t<\/div>\r\n\t\t\t\t\t\t\t\t\t\t\t\t\t<\/div>\t\t\r\n\r\n\t\t\t\t\r\n\r\n\r\n\t<\/div><\/div><\/div><\/div><\/div><\/div>","protected":false},"excerpt":{"rendered":"<p>Descubre los caminos accesibles El Camino de Santiago para todos El Camino de San Benito para todos Etapas del proyecto Novedades FreeWheelsOnlus presenta el Camino de San Benito trazado para OpenUpRoutes! en \u201cFa La Cosa Giusta 2018\u201d Una vez finalizado el proyecto SA.BE.R Universal, FreeWheelsOnlus presentar\u00e1 en \u201cFa La Cosa Giusta 2018\u201d (Haz lo correcto), [&hellip;]<\/p>\n","protected":false},"author":1,"featured_media":0,"parent":0,"menu_order":0,"comment_status":"closed","ping_status":"closed","template":"page-templates\/page_front-page.php","meta":{"footnotes":""},"class_list":["post-144","page","type-page","status-publish","hentry"],"_links":{"self":[{"href":"https:\/\/www.openuproutes.eu\/es\/wp-json\/wp\/v2\/pages\/144","targetHints":{"allow":["GET"]}}],"collection":[{"href":"https:\/\/www.openuproutes.eu\/es\/wp-json\/wp\/v2\/pages"}],"about":[{"href":"https:\/\/www.openuproutes.eu\/es\/wp-json\/wp\/v2\/types\/page"}],"author":[{"embeddable":true,"href":"https:\/\/www.openuproutes.eu\/es\/wp-json\/wp\/v2\/users\/1"}],"replies":[{"embeddable":true,"href":"https:\/\/www.openuproutes.eu\/es\/wp-json\/wp\/v2\/comments?post=144"}],"version-history":[{"count":33,"href":"https:\/\/www.openuproutes.eu\/es\/wp-json\/wp\/v2\/pages\/144\/revisions"}],"predecessor-version":[{"id":2483,"href":"https:\/\/www.openuproutes.eu\/es\/wp-json\/wp\/v2\/pages\/144\/revisions\/2483"}],"wp:attachment":[{"href":"https:\/\/www.openuproutes.eu\/es\/wp-json\/wp\/v2\/media?parent=144"}],"curies":[{"name":"wp","href":"https:\/\/api.w.org\/{rel}","templated":true}]}}