{"id":2011,"date":"2017-12-11T12:18:28","date_gmt":"2017-12-11T10:18:28","guid":{"rendered":"https:\/\/www.openuproutes.eu\/fact-sheets\/"},"modified":"2017-12-20T15:39:01","modified_gmt":"2017-12-20T13:39:01","slug":"fact-sheets","status":"publish","type":"page","link":"https:\/\/www.openuproutes.eu\/es\/fact-sheets\/","title":{"rendered":"TTOO info"},"content":{"rendered":"<div id=\"yui_3_16_0_ym19_1_1512898159635_8296\" dir=\"ltr\">\n<p>Estas Fact-sheets han sido elaboradas para informar a las AAVV y TTOO interesados en paquetes accesibles sobre distintos aspectos a tener en cuenta para estos viajes:<\/p>\n<ul>\n<li>\u00bfQu\u00e9 es un viaje autoguiado?<\/li>\n<li>\u00bfC\u00f3mo se han dise\u00f1ado los paquetes accesibles?<\/li>\n<li>\u00bfCu\u00e1l es el nivel de accesibilidad de rutas de peregrinaci\u00f3n<\/li>\n<li>Especificaciones t\u00e9cnicas sobre handbikes como veh\u00edculo de transporte utilizado en varios paquetes<\/li>\n<li>Tipo de alojamientos seleccionados<\/li>\n<li>Aspectos sanitarios a tener en cuenta<\/li>\n<li>Servicios de asistencia en transportes para personas con discapacidad<\/li>\n<li>Recomendaciones y consejos antes y durante el viaje<\/li>\n<li>Etc\u2026<\/li>\n<\/ul>\n<\/div>\n<div id=\"yui_3_16_0_ym19_1_1512898159635_8461\" dir=\"ltr\">\n<p>Para m\u00e1s informaci\u00f3n sobre San Benedetto Way, puede escribir a <a href=\"mailto:sanbenedetto@openuproutes.eu\">sanbenedetto@openuproutes.eu<\/a>, mientras que para el Camino de Santiago abrir <a href=\"mailto:openuproutes@s-cape.es\">openuproutes@s-cape.es<\/a><\/p>\n<p>&nbsp;<\/p>\n<\/div>\n<div dir=\"ltr\"><\/div>\n<div dir=\"ltr\"><\/div>\n<div dir=\"ltr\"><\/div>\n<p><a href=\"https:\/\/www.openuproutes.eu\/wp-content\/uploads\/2017\/12\/D-5.2-Fact-sheets-Camino-Santiago_espa\u00f1ol.pdf\"><button class=\"btn btn-default\" type=\"button\">FACT SHEET CAMINO DE SANTIAGO<\/button><\/a><\/p>\n<p><a href=\"https:\/\/www.openuproutes.eu\/wp-content\/uploads\/2017\/12\/D-5.2-Fact-sheets-_StBenedict_EN-1.pdf\"><br \/>\n<button class=\"btn btn-default\" type=\"button\">FACT SHEET CAMINO DE SAN BENEDETTO<\/button><\/a><\/p>\n","protected":false},"excerpt":{"rendered":"<p>Estas Fact-sheets han sido elaboradas para informar a las AAVV y TTOO interesados en paquetes accesibles sobre distintos aspectos a tener en cuenta para estos viajes: \u00bfQu\u00e9 es un viaje autoguiado? \u00bfC\u00f3mo se han dise\u00f1ado los paquetes accesibles? \u00bfCu\u00e1l es el nivel de accesibilidad de rutas de peregrinaci\u00f3n Especificaciones t\u00e9cnicas sobre handbikes como veh\u00edculo de [&hellip;]<\/p>\n","protected":false},"author":1,"featured_media":0,"parent":0,"menu_order":0,"comment_status":"closed","ping_status":"closed","template":"","meta":{"footnotes":""},"class_list":["post-2011","page","type-page","status-publish","hentry"],"_links":{"self":[{"href":"https:\/\/www.openuproutes.eu\/es\/wp-json\/wp\/v2\/pages\/2011","targetHints":{"allow":["GET"]}}],"collection":[{"href":"https:\/\/www.openuproutes.eu\/es\/wp-json\/wp\/v2\/pages"}],"about":[{"href":"https:\/\/www.openuproutes.eu\/es\/wp-json\/wp\/v2\/types\/page"}],"author":[{"embeddable":true,"href":"https:\/\/www.openuproutes.eu\/es\/wp-json\/wp\/v2\/users\/1"}],"replies":[{"embeddable":true,"href":"https:\/\/www.openuproutes.eu\/es\/wp-json\/wp\/v2\/comments?post=2011"}],"version-history":[{"count":8,"href":"https:\/\/www.openuproutes.eu\/es\/wp-json\/wp\/v2\/pages\/2011\/revisions"}],"predecessor-version":[{"id":2193,"href":"https:\/\/www.openuproutes.eu\/es\/wp-json\/wp\/v2\/pages\/2011\/revisions\/2193"}],"wp:attachment":[{"href":"https:\/\/www.openuproutes.eu\/es\/wp-json\/wp\/v2\/media?parent=2011"}],"curies":[{"name":"wp","href":"https:\/\/api.w.org\/{rel}","templated":true}]}}