{"id":203,"date":"2016-08-26T12:27:03","date_gmt":"2016-08-26T12:27:03","guid":{"rendered":"http:\/\/www.openuproutes.eu\/es\/how-to-join\/"},"modified":"2016-09-29T17:12:15","modified_gmt":"2016-09-29T15:12:15","slug":"how-to-join","status":"publish","type":"page","link":"https:\/\/www.openuproutes.eu\/es\/how-to-join\/","title":{"rendered":"Como unirse"},"content":{"rendered":"<p>M\u00e1s informaci\u00f3n sobre c\u00f3mo unirse y apoyar el proyecto estar\u00e1 disponible pronto y si tiene alguna pregunta, por favor, p\u00f3ngase en contacto con nosotros en: <a href=\"mailto:info@openuproutes.eu\">info@openuproutes.eu<\/a><\/p>\n","protected":false},"excerpt":{"rendered":"<p>M\u00e1s informaci\u00f3n sobre c\u00f3mo unirse y apoyar el proyecto estar\u00e1 disponible pronto y si tiene alguna pregunta, por favor, p\u00f3ngase en contacto con nosotros en: info@openuproutes.eu<\/p>\n","protected":false},"author":1,"featured_media":0,"parent":0,"menu_order":0,"comment_status":"closed","ping_status":"closed","template":"","meta":{"footnotes":""},"class_list":["post-203","page","type-page","status-publish","hentry"],"_links":{"self":[{"href":"https:\/\/www.openuproutes.eu\/es\/wp-json\/wp\/v2\/pages\/203","targetHints":{"allow":["GET"]}}],"collection":[{"href":"https:\/\/www.openuproutes.eu\/es\/wp-json\/wp\/v2\/pages"}],"about":[{"href":"https:\/\/www.openuproutes.eu\/es\/wp-json\/wp\/v2\/types\/page"}],"author":[{"embeddable":true,"href":"https:\/\/www.openuproutes.eu\/es\/wp-json\/wp\/v2\/users\/1"}],"replies":[{"embeddable":true,"href":"https:\/\/www.openuproutes.eu\/es\/wp-json\/wp\/v2\/comments?post=203"}],"version-history":[{"count":2,"href":"https:\/\/www.openuproutes.eu\/es\/wp-json\/wp\/v2\/pages\/203\/revisions"}],"predecessor-version":[{"id":329,"href":"https:\/\/www.openuproutes.eu\/es\/wp-json\/wp\/v2\/pages\/203\/revisions\/329"}],"wp:attachment":[{"href":"https:\/\/www.openuproutes.eu\/es\/wp-json\/wp\/v2\/media?parent=203"}],"curies":[{"name":"wp","href":"https:\/\/api.w.org\/{rel}","templated":true}]}}