{"id":207,"date":"2016-07-13T13:53:33","date_gmt":"2016-07-13T11:53:33","guid":{"rendered":"http:\/\/www.openuproutes.eu\/es\/contacts\/"},"modified":"2020-03-05T18:55:15","modified_gmt":"2020-03-05T16:55:15","slug":"contacts","status":"publish","type":"page","link":"https:\/\/www.openuproutes.eu\/es\/contacts\/","title":{"rendered":"Contacto"},"content":{"rendered":"<form autocomplete=\"off\" name=\"wpv-filter-639\" action=\"\/es\/wp-json\/wp\/v2\/pages\/207?wpv_view_count=639\" method=\"get\" class=\"wpv-filter-form js-wpv-filter-form js-wpv-filter-form-639 js-wpv-form-full\" data-viewnumber=\"639\" data-viewid=\"639\" data-viewhash=\"eyJuYW1lIjoic3RhZmYifQ==\" data-viewwidgetid=\"0\" data-orderby=\"\" data-order=\"\" data-orderbyas=\"\" data-orderbysecond=\"\" data-ordersecond=\"\" data-parametric=\"{&quot;query&quot;:&quot;normal&quot;,&quot;id&quot;:639,&quot;view_id&quot;:639,&quot;widget_id&quot;:0,&quot;view_hash&quot;:&quot;639&quot;,&quot;action&quot;:&quot;\\\/es\\\/wp-json\\\/wp\\\/v2\\\/pages\\\/207?wpv_view_count=639&quot;,&quot;sort&quot;:{&quot;orderby&quot;:&quot;&quot;,&quot;order&quot;:&quot;&quot;,&quot;orderby_as&quot;:&quot;&quot;,&quot;orderby_second&quot;:&quot;&quot;,&quot;order_second&quot;:&quot;&quot;},&quot;orderby&quot;:&quot;&quot;,&quot;order&quot;:&quot;&quot;,&quot;orderby_as&quot;:&quot;&quot;,&quot;orderby_second&quot;:&quot;&quot;,&quot;order_second&quot;:&quot;&quot;,&quot;ajax_form&quot;:&quot;&quot;,&quot;ajax_results&quot;:&quot;&quot;,&quot;effect&quot;:&quot;fade&quot;,&quot;prebefore&quot;:&quot;&quot;,&quot;before&quot;:&quot;&quot;,&quot;after&quot;:&quot;&quot;,&quot;attributes&quot;:[],&quot;environment&quot;:{&quot;current_post_id&quot;:207,&quot;parent_post_id&quot;:207,&quot;parent_term_id&quot;:0,&quot;parent_user_id&quot;:0,&quot;archive&quot;:{&quot;type&quot;:&quot;&quot;,&quot;name&quot;:&quot;&quot;,&quot;data&quot;:[]}},&quot;loop&quot;:{&quot;type&quot;:&quot;&quot;,&quot;name&quot;:&quot;&quot;,&quot;data&quot;:[],&quot;id&quot;:0}}\" data-attributes=\"[]\" data-environment=\"{&quot;current_post_id&quot;:207,&quot;parent_post_id&quot;:207,&quot;parent_term_id&quot;:0,&quot;parent_user_id&quot;:0,&quot;archive&quot;:{&quot;type&quot;:&quot;&quot;,&quot;name&quot;:&quot;&quot;,&quot;data&quot;:[]}}\"><input type=\"hidden\" class=\"js-wpv-dps-filter-data js-wpv-filter-data-for-this-form\" data-action=\"\/es\/wp-json\/wp\/v2\/pages\/207?wpv_view_count=639\" data-page=\"1\" data-ajax=\"disable\" data-effect=\"fade\" data-maxpages=\"0\" data-ajaxprebefore=\"\" data-ajaxbefore=\"\" data-ajaxafter=\"\" \/><input class=\"wpv_view_count wpv_view_count-639\" type=\"hidden\" name=\"wpv_view_count\" value=\"639\" \/>\n\n<\/form>\n<div id=\"wpv-view-layout-639\" class=\"js-wpv-view-layout js-wpv-layout-responsive js-wpv-view-layout-639\" data-viewnumber=\"639\" data-pagination=\"{&quot;id&quot;:639,&quot;query&quot;:&quot;normal&quot;,&quot;type&quot;:&quot;disabled&quot;,&quot;effect&quot;:&quot;fade&quot;,&quot;duration&quot;:500,&quot;speed&quot;:5,&quot;pause_on_hover&quot;:&quot;disabled&quot;,&quot;stop_rollover&quot;:&quot;false&quot;,&quot;cache_pages&quot;:&quot;enabled&quot;,&quot;preload_images&quot;:&quot;enabled&quot;,&quot;preload_pages&quot;:&quot;enabled&quot;,&quot;preload_reach&quot;:1,&quot;spinner&quot;:&quot;builtin&quot;,&quot;spinner_image&quot;:&quot;https:\/\/www.openuproutes.eu\/wp-content\/plugins\/wp-views\/res\/img\/ajax-loader.gif&quot;,&quot;callback_next&quot;:&quot;&quot;,&quot;manage_history&quot;:&quot;enabled&quot;,&quot;has_controls_in_form&quot;:&quot;disabled&quot;,&quot;infinite_tolerance&quot;:&quot;0&quot;,&quot;max_pages&quot;:0,&quot;page&quot;:1,&quot;base_permalink&quot;:&quot;\/es\/wp-json\/wp\/v2\/pages\/207?wpv_view_count=639&amp;wpv_paged=WPV_PAGE_NUM&quot;,&quot;loop&quot;:{&quot;type&quot;:&quot;&quot;,&quot;name&quot;:&quot;&quot;,&quot;data&quot;:[],&quot;id&quot;:0}}\" data-permalink=\"\/es\/wp-json\/wp\/v2\/pages\/207?wpv_view_count=639\">\n\n\t\n\t\n\t<table width=\"100%\">\n\t\t<tbody class=\"wpv-loop js-wpv-loop\">\n\t\t\n\t\t\t<tr  >\n\t\t\t\t<td class=\"tabella\" width=\"160px\"><strong>Clara Casanova<\/strong><img loading=\"lazy\" decoding=\"async\" width=\"150\" height=\"150\" src=\"https:\/\/www.openuproutes.eu\/wp-content\/uploads\/2017\/02\/Clara-Casanova_s-cape-150x150.jpg\" class=\"attachment-thumbnail size-thumbnail wp-post-image\" alt=\"\" srcset=\"https:\/\/www.openuproutes.eu\/wp-content\/uploads\/2017\/02\/Clara-Casanova_s-cape-150x150.jpg 150w, https:\/\/www.openuproutes.eu\/wp-content\/uploads\/2017\/02\/Clara-Casanova_s-cape-50x50.jpg 50w\" sizes=\"auto, (max-width: 150px) 100vw, 150px\" \/><\/td>\n<td class=\"tabella\"><p>Desarrolladora de producto y experta en desarrollo de estrategias de turismo en espacios naturales protegidos. Experiencia en gesti\u00f3n de proyectos europeos. T\u00e9cnico responsable del proyecto OpenUpRoutes.<\/p>\n\n<a href=\"mailto:clara.casanova@s-cape.es\" title=\"clara.casanova@s-cape.es\">clara.casanova@s-cape.es<\/a> &#8211; <strong>S-cape<\/strong><\/td>\n\t\t\t<\/tr>\n\t\t\n\t\t\t<tr  >\n\t\t\t\t<td class=\"tabella\" width=\"160px\"><strong>Francesca Martini<\/strong><img loading=\"lazy\" decoding=\"async\" width=\"150\" height=\"150\" src=\"https:\/\/www.openuproutes.eu\/wp-content\/uploads\/2017\/07\/francesca-Martini-150x150.jpeg\" class=\"attachment-thumbnail size-thumbnail wp-post-image\" alt=\"\" srcset=\"https:\/\/www.openuproutes.eu\/wp-content\/uploads\/2017\/07\/francesca-Martini-150x150.jpeg 150w, https:\/\/www.openuproutes.eu\/wp-content\/uploads\/2017\/07\/francesca-Martini-50x50.jpeg 50w\" sizes=\"auto, (max-width: 150px) 100vw, 150px\" \/><\/td>\n<td class=\"tabella\"><p>Project manager para proyectos nacionales e internacionales para promover la zona<\/p>\n\n<a href=\"mailto:francesca.martini@ri.camcom.it\" title=\"francesca.martini@ri.camcom.it\">francesca.martini@ri.camcom.it<\/a> &#8211; <strong>Azienda Speciale Centro Italia Rieti<\/strong><\/td>\n\t\t\t<\/tr>\n\t\t\n\t\t\t<tr  >\n\t\t\t\t<td class=\"tabella\" width=\"160px\"><strong>Jose Luis Maestro<\/strong><img loading=\"lazy\" decoding=\"async\" width=\"150\" height=\"150\" src=\"https:\/\/www.openuproutes.eu\/wp-content\/uploads\/2017\/10\/Jose-Maestro-2-150x150.jpg\" class=\"attachment-thumbnail size-thumbnail wp-post-image\" alt=\"\" srcset=\"https:\/\/www.openuproutes.eu\/wp-content\/uploads\/2017\/10\/Jose-Maestro-2-150x150.jpg 150w, https:\/\/www.openuproutes.eu\/wp-content\/uploads\/2017\/10\/Jose-Maestro-2-50x50.jpg 50w\" sizes=\"auto, (max-width: 150px) 100vw, 150px\" \/><\/td>\n<td class=\"tabella\"><p>Jose Luis Maestro, con 25 a\u00f1os de experiencia como funcionario, es Director de Competitividad en Turismo de Galicia y responsable del \u00c1rea de Calidad y Proyectos Europeos y del Plan de Accesibilidad Tur\u00edstica de Galicia y del Camino de Santiago.<\/p>\n\n<a href=\"mailto:jose.luis.maestro.castineiras@xunta.gal\" title=\"jose.luis.maestro.castineiras@xunta.gal\">jose.luis.maestro.castineiras@xunta.gal<\/a> &#8211; <strong>Xunta de Galicia<\/strong><\/td>\n\t\t\t<\/tr>\n\t\t\n\t\t\t<tr  >\n\t\t\t\t<td class=\"tabella\" width=\"160px\"><strong>Laura Monastier<\/strong><img loading=\"lazy\" decoding=\"async\" width=\"150\" height=\"150\" src=\"https:\/\/www.openuproutes.eu\/wp-content\/uploads\/2017\/02\/laura-150x150.jpg\" class=\"attachment-thumbnail size-thumbnail wp-post-image\" alt=\"\" srcset=\"https:\/\/www.openuproutes.eu\/wp-content\/uploads\/2017\/02\/laura-150x150.jpg 150w, https:\/\/www.openuproutes.eu\/wp-content\/uploads\/2017\/02\/laura-50x50.jpg 50w\" sizes=\"auto, (max-width: 150px) 100vw, 150px\" \/><\/td>\n<td class=\"tabella\"><p>Traductora y gestora de proyectos internacionales en FreeWheels Onlus. T\u00e9cnico responsable del proyecto OpenUpRoutes.<\/p>\n\n<a href=\"mailto:laura.marina.monastier@freewheelsonlus.com\" title=\"laura.marina.monastier@freewheelsonlus.com\">laura.marina.monastier@freewheelsonlus.com<\/a> &#8211; <strong>Freewheels<\/strong><\/td>\n\t\t\t<\/tr>\n\t\t\n\t\t\t<tr  >\n\t\t\t\t<td class=\"tabella\" width=\"160px\"><strong>Mar\u00eda Knaapen<\/strong><img loading=\"lazy\" decoding=\"async\" width=\"107\" height=\"150\" src=\"https:\/\/www.openuproutes.eu\/wp-content\/uploads\/2017\/02\/Maria-Knaapen_s-cape.jpg\" class=\"attachment-thumbnail size-thumbnail wp-post-image\" alt=\"\" \/><\/td>\n<td class=\"tabella\"><p>Directora de S-cape Travel y experta en dise\u00f1o de paquetes tur\u00edsticos autoguiados. Supervisora del proyecto OpenUpRoutes<\/p>\n\n<a href=\"mailto:info@s-cape.es\" title=\"info@s-cape.es\">info@s-cape.es<\/a> &#8211; <strong>S-cape<\/strong><\/td>\n\t\t\t<\/tr>\n\t\t\n\t\t\t<tr  >\n\t\t\t\t<td class=\"tabella\" width=\"160px\"><strong>Ornella Filippi<\/strong><img loading=\"lazy\" decoding=\"async\" width=\"150\" height=\"150\" src=\"https:\/\/www.openuproutes.eu\/wp-content\/uploads\/2017\/07\/ornella-filippi-150x150.jpg\" class=\"attachment-thumbnail size-thumbnail wp-post-image\" alt=\"\" srcset=\"https:\/\/www.openuproutes.eu\/wp-content\/uploads\/2017\/07\/ornella-filippi-150x150.jpg 150w, https:\/\/www.openuproutes.eu\/wp-content\/uploads\/2017\/07\/ornella-filippi-50x50.jpg 50w\" sizes=\"auto, (max-width: 150px) 100vw, 150px\" \/><\/td>\n<td class=\"tabella\"><p>Experto en la promoci\u00f3n y desarrollo del turismo<\/p>\n\n<a href=\"mailto:ornella.filippi@ri.camcom.it\" title=\"ornella.filippi@ri.camcom.it\">ornella.filippi@ri.camcom.it<\/a> &#8211; <strong>Azienda Speciale Centro Italia Rieti<\/strong><\/td>\n\t\t\t<\/tr>\n\t\t\n\t\t\t<tr  >\n\t\t\t\t<td class=\"tabella\" width=\"160px\"><strong>Pietro Scidurlo<\/strong><img loading=\"lazy\" decoding=\"async\" width=\"150\" height=\"150\" src=\"https:\/\/www.openuproutes.eu\/wp-content\/uploads\/2017\/02\/Pietro-Scidurlo-e1486661758152-150x150.jpg\" class=\"attachment-thumbnail size-thumbnail wp-post-image\" alt=\"\" srcset=\"https:\/\/www.openuproutes.eu\/wp-content\/uploads\/2017\/02\/Pietro-Scidurlo-e1486661758152-150x150.jpg 150w, https:\/\/www.openuproutes.eu\/wp-content\/uploads\/2017\/02\/Pietro-Scidurlo-e1486661758152-50x50.jpg 50w\" sizes=\"auto, (max-width: 150px) 100vw, 150px\" \/><\/td>\n<td class=\"tabella\"><p>Fundador y presidente de FreeWheels Onlus. Supervisor del proyecto OpenUpRoutes. Parapl\u00e9jico desde su nacimiento, trabaja en inform\u00e1tica, los apasionan las rutas de peregrinaci\u00f3n, redact\u00f3 la gu\u00eda \u201cSantiago per Tutti\u201d editada por Terre di Mezzo.<\/p>\n\n<a href=\"mailto:info@freewheelsonlus.com\" title=\"info@freewheelsonlus.com\">info@freewheelsonlus.com<\/a> &#8211; <strong>Freewheels<\/strong><\/td>\n\t\t\t<\/tr>\n\t\t\n\t\t\t<tr  >\n\t\t\t\t<td class=\"tabella\" width=\"160px\"><strong>Raffaella Fomini<\/strong><img loading=\"lazy\" decoding=\"async\" width=\"150\" height=\"150\" src=\"https:\/\/www.openuproutes.eu\/wp-content\/uploads\/2017\/02\/foto-150x150.jpg\" class=\"attachment-thumbnail size-thumbnail wp-post-image\" alt=\"\" srcset=\"https:\/\/www.openuproutes.eu\/wp-content\/uploads\/2017\/02\/foto-150x150.jpg 150w, https:\/\/www.openuproutes.eu\/wp-content\/uploads\/2017\/02\/foto-50x50.jpg 50w\" sizes=\"auto, (max-width: 150px) 100vw, 150px\" \/><\/td>\n<td class=\"tabella\"><p>Experta en gesti\u00f3n de proyectos europeos, apasionada del senderismo y gu\u00eda voluntario de trecking.<\/p>\n\n<a href=\"mailto:info@openuproutes.eu\" title=\"info@openuproutes.eu\">info@openuproutes.eu<\/a> &#8211; <strong><\/strong><\/td>\n\t\t\t<\/tr>\n\t\t\n\t\t<\/tbody>\n\t<\/table>\n\t\n\t\n\t\n<\/div>\n\n","protected":false},"excerpt":{"rendered":"","protected":false},"author":1,"featured_media":0,"parent":0,"menu_order":0,"comment_status":"closed","ping_status":"closed","template":"","meta":{"footnotes":""},"class_list":["post-207","page","type-page","status-publish","hentry"],"_links":{"self":[{"href":"https:\/\/www.openuproutes.eu\/es\/wp-json\/wp\/v2\/pages\/207","targetHints":{"allow":["GET"]}}],"collection":[{"href":"https:\/\/www.openuproutes.eu\/es\/wp-json\/wp\/v2\/pages"}],"about":[{"href":"https:\/\/www.openuproutes.eu\/es\/wp-json\/wp\/v2\/types\/page"}],"author":[{"embeddable":true,"href":"https:\/\/www.openuproutes.eu\/es\/wp-json\/wp\/v2\/users\/1"}],"replies":[{"embeddable":true,"href":"https:\/\/www.openuproutes.eu\/es\/wp-json\/wp\/v2\/comments?post=207"}],"version-history":[{"count":5,"href":"https:\/\/www.openuproutes.eu\/es\/wp-json\/wp\/v2\/pages\/207\/revisions"}],"predecessor-version":[{"id":2407,"href":"https:\/\/www.openuproutes.eu\/es\/wp-json\/wp\/v2\/pages\/207\/revisions\/2407"}],"wp:attachment":[{"href":"https:\/\/www.openuproutes.eu\/es\/wp-json\/wp\/v2\/media?parent=207"}],"curies":[{"name":"wp","href":"https:\/\/api.w.org\/{rel}","templated":true}]}}