{"id":135,"date":"2016-09-26T14:26:36","date_gmt":"2016-09-26T12:26:36","guid":{"rendered":"http:\/\/www.openuproutes.eu\/it\/?page_id=135"},"modified":"2017-02-13T19:09:58","modified_gmt":"2017-02-13T17:09:58","slug":"il-cammino-di-santiago-per-tutti","status":"publish","type":"page","link":"https:\/\/www.openuproutes.eu\/it\/il-cammino-di-santiago-per-tutti\/","title":{"rendered":"Il Cammino di Santiago per tutti"},"content":{"rendered":"<p><img loading=\"lazy\" decoding=\"async\" class=\"alignnone size-full wp-image-230\" src=\"http:\/\/www.openuproutes.eu\/wp-content\/uploads\/2016\/09\/9666.png\" alt=\"9666\" width=\"1302\" height=\"472\" srcset=\"https:\/\/www.openuproutes.eu\/wp-content\/uploads\/2016\/09\/9666.png 1302w, https:\/\/www.openuproutes.eu\/wp-content\/uploads\/2016\/09\/9666-300x109.png 300w, https:\/\/www.openuproutes.eu\/wp-content\/uploads\/2016\/09\/9666-768x278.png 768w, https:\/\/www.openuproutes.eu\/wp-content\/uploads\/2016\/09\/9666-1024x371.png 1024w, https:\/\/www.openuproutes.eu\/wp-content\/uploads\/2016\/09\/9666-830x301.png 830w, https:\/\/www.openuproutes.eu\/wp-content\/uploads\/2016\/09\/9666-230x83.png 230w, https:\/\/www.openuproutes.eu\/wp-content\/uploads\/2016\/09\/9666-350x127.png 350w, https:\/\/www.openuproutes.eu\/wp-content\/uploads\/2016\/09\/9666-480x174.png 480w\" sizes=\"auto, (max-width: 1302px) 100vw, 1302px\" \/>Il Cammino di Santiago \u00e8 stato riconosciuto Itinerario Culturale Europeo nel 1987 e classificato Patrimonio Culturale dell\u2019Umanit\u00e0 dall\u2019UNESCO nel 1993; \u00e8, inoltre, una delle eredit\u00e0 religiose pi\u00f9 importanti dell\u2019Europa. L\u2019Agenzia del Turismo della Galizia cerca di prestare massima attenzione alle persone con bisogni speciali ed a particolari gruppi turistici, come i turisti con disabilit\u00e0, in modo da rendere il Cammino accessibile a tutti. Il Cammino di Santiago \u00e8 stato sempre una scelta di crescita personale, attraverso la quale, ogni persona cerca in qualche modo di ripensare e ridare valore alla propria esistenza.<\/p>\n<p align=\"JUSTIFY\">\u00c8 significativo il fatto che, nel 2014, un centinaio di persone sono riuscite a finire il Cammino su sedia a rotelle. Al tempo stesso, tale fenomeno conferma l\u2019impegno dell\u2019Agenzia per il Turismo della Galizia nel rendere accessibile il Cammino a tutte le persone, rendendo cos\u00ec possibile a ciascuno di affrontare questa esperienza, superando ogni limite o ostacolo che inizialmente sembrava essere impossibile oltrepassare.<\/p>\n<p align=\"JUSTIFY\">Nell\u2019ambito del progetto \u201cSABER\u201d, il partner S-Cape Travel, svilupper\u00e0 due pacchetti-pilota lungo il Cammino Francese in Castiglia e Galizia. Dopo un\u2019iniziale ricerca sui dati esistenti relativi ai servizi ed alle infrastrutture accessibili, S-Cape Travel, insieme all\u2019Associazione APTAA, tester\u00e0 dei pacchetti pilota nelle Regioni della Galizia e di Castilla y Le\u00f3n al fine di individuare ogni complicazione logistica che gli operatori turistici dovrebbero considerare al fine di includere dei \u201cpercorsi accessibili\u201d nel loro portfolio. I test sul campo permetteranno di progettare due pacchetti turistici pilota che diventeranno parte del programma di formazione rivolto a fornitori di servizi turistici pubblici e privati.<\/p>\n<p align=\"JUSTIFY\">Un report finale, nel quale verranno riportate le principali risorse accessibili, raccoglier\u00e0 tutti i dati emersi dalla ricerca desk e dal test sul campo e presenter\u00e0 i principali ostacoli e punti critici lungo i percorsi. Tale report verr\u00e0 condiviso e discusso in occasione delle tavole rotonde organizzate dall\u2019Agenzia per il Turismo della Galizia con gli operatori turistici e le comunit\u00e0 locali, al fine di definire una \u201cCarta del Turismo Accessibile\u201d.<\/p>\n<p align=\"JUSTIFY\"><em>Il Cammino Francese, il percorso pi\u00f9 popolare del Cammino di Santiago, parte da Saint-Jean-Pied-de-Port sul lato francese dei Pirenei e, dal paesino di Roncisvalle in Spagna, prosegue per altri 780 km fino a Santiago di Compostela, attraversando le citt\u00e0 di Pamplona, Logro\u00f1o, Burgos e Le\u00f3n. Il progetto riguarder\u00e0 il tratto del Cammino che attraversa le Regioni della Galizia e di Castiglia-Le\u00f3n: i famosi ultimi 100km del Cammino Francese necessari per ottenere la credenziale del cammino si trovano in Galizia, mentre, la Regione di Castiglia-Le\u00f3n comprende la maggior parte del percorso (370km).<\/em><\/p>\n","protected":false},"excerpt":{"rendered":"<p>Il Cammino di Santiago \u00e8 stato riconosciuto Itinerario Culturale Europeo nel 1987 e classificato Patrimonio Culturale dell\u2019Umanit\u00e0 dall\u2019UNESCO nel 1993; \u00e8, inoltre, una delle eredit\u00e0 religiose pi\u00f9 importanti dell\u2019Europa. L\u2019Agenzia del Turismo della Galizia cerca di prestare massima attenzione alle persone con bisogni speciali ed a particolari gruppi turistici, come i turisti con disabilit\u00e0, in [&hellip;]<\/p>\n","protected":false},"author":1,"featured_media":177,"parent":0,"menu_order":3,"comment_status":"closed","ping_status":"closed","template":"page-templates\/page_fullwidth.php","meta":{"footnotes":""},"class_list":["post-135","page","type-page","status-publish","has-post-thumbnail","hentry"],"_links":{"self":[{"href":"https:\/\/www.openuproutes.eu\/it\/wp-json\/wp\/v2\/pages\/135","targetHints":{"allow":["GET"]}}],"collection":[{"href":"https:\/\/www.openuproutes.eu\/it\/wp-json\/wp\/v2\/pages"}],"about":[{"href":"https:\/\/www.openuproutes.eu\/it\/wp-json\/wp\/v2\/types\/page"}],"author":[{"embeddable":true,"href":"https:\/\/www.openuproutes.eu\/it\/wp-json\/wp\/v2\/users\/1"}],"replies":[{"embeddable":true,"href":"https:\/\/www.openuproutes.eu\/it\/wp-json\/wp\/v2\/comments?post=135"}],"version-history":[{"count":2,"href":"https:\/\/www.openuproutes.eu\/it\/wp-json\/wp\/v2\/pages\/135\/revisions"}],"predecessor-version":[{"id":233,"href":"https:\/\/www.openuproutes.eu\/it\/wp-json\/wp\/v2\/pages\/135\/revisions\/233"}],"wp:featuredmedia":[{"embeddable":true,"href":"https:\/\/www.openuproutes.eu\/it\/wp-json\/wp\/v2\/media\/177"}],"wp:attachment":[{"href":"https:\/\/www.openuproutes.eu\/it\/wp-json\/wp\/v2\/media?parent=135"}],"curies":[{"name":"wp","href":"https:\/\/api.w.org\/{rel}","templated":true}]}}