{"id":141,"date":"2016-09-26T14:29:19","date_gmt":"2016-09-26T12:29:19","guid":{"rendered":"http:\/\/www.openuproutes.eu\/it\/?page_id=141"},"modified":"2017-04-11T12:29:00","modified_gmt":"2017-04-11T10:29:00","slug":"il-cammino-di-san-benedetto-per-tutti","status":"publish","type":"page","link":"https:\/\/www.openuproutes.eu\/it\/il-cammino-di-san-benedetto-per-tutti\/","title":{"rendered":"Il Cammino di San Benedetto per tutti"},"content":{"rendered":"<p><img loading=\"lazy\" decoding=\"async\" class=\"alignright wp-image-222 size-full\" src=\"http:\/\/www.openuproutes.eu\/wp-content\/uploads\/2016\/07\/71621.png\" alt=\"71621\" width=\"513\" height=\"717\" srcset=\"https:\/\/www.openuproutes.eu\/wp-content\/uploads\/2016\/07\/71621.png 513w, https:\/\/www.openuproutes.eu\/wp-content\/uploads\/2016\/07\/71621-215x300.png 215w, https:\/\/www.openuproutes.eu\/wp-content\/uploads\/2016\/07\/71621-230x321.png 230w, https:\/\/www.openuproutes.eu\/wp-content\/uploads\/2016\/07\/71621-350x489.png 350w, https:\/\/www.openuproutes.eu\/wp-content\/uploads\/2016\/07\/71621-480x671.png 480w\" sizes=\"auto, (max-width: 513px) 100vw, 513px\" \/>The SABER project aims at carry out a first accessibility evaluation of the \u201cSt.Benedict Way\u201d in order to define, at the end of the project, an accessible tourism offer for all the territories involved.<\/p>\n<p align=\"JUSTIFY\">Il progetto SABER mira a realizzare una valutazione di accessibilit\u00e0 del Cammino di San Benedetto al fine di definire, alla fine del progetto, un\u2019offerta di turismo accessibile in tutti i territori attraversati dal Cammino.<\/p>\n<p align=\"JUSTIFY\">Nell\u2019ambito del progetto il team di FreeWheelsOnlus provveder\u00e0 a identificare, indi a percorrere un itinerario in sicurezza e su asfalto di ca. 370 km, lontano da strade a scorrimento veloce e il pi\u00f9 vicino possibile all\u2019antico cammino. Le informazioni che verranno raccolte riguardano la geolocalizzazione<\/p>\n<p align=\"JUSTIFY\">&#8211; delle strutture di alloggio (hotel, B&amp;B, case vacanze, appartamenti, fattorie, ecc.)<\/p>\n<p align=\"JUSTIFY\">&#8211; servizi e infrastrutture (bar, ristoranti, negozi, servizi sanitari, trasporti, ecc.)<\/p>\n<p align=\"JUSTIFY\">Verr\u00e0 realizzato uno studio preliminare della zona interessata, del percorso esistente e di quello proposto per verificarne le condizioni effettive; per agevolare il lavoro sul campo si utilizzer\u00e0 sia un moderno software in grado di fornire dati in tempo reale delle infrastrutture che le informazioni fornite dagli esperti locali.<\/p>\n<p align=\"JUSTIFY\">Il team di Free Wheels tester\u00e0 l\u2019intero percorso a piedi o in bicicletta utilizzando un GPS in combinazione con una camera digitale ad alta risoluzione per registrare le criticit\u00e0, le strutture accessibili (bar, ristoranti, ecc.) e i servizi. I risultati saranno riportati nelle rispettive schede di valutazione.<\/p>\n<p align=\"JUSTIFY\">Per quanto concerne le strutture di alloggio, si proceder\u00e0 ad effettuare una ricerca preliminare in Internet e presso i comuni e gli Uffici del Turismo per identificare le strutture esistenti ubicate ad una distanza max di 1.500 m dal percorso. Successivamente, a dette strutture, verr\u00e0 inviata una scheda di auto-valutazione e le informazioni inerenti il progetto in corso.<\/p>\n<p align=\"JUSTIFY\">Nel corso del field test si provveder\u00e0 a verificare l\u2019accessibilit\u00e0 di un certo numero di strutture selezionate onde fornire informazioni attendibili ai potenziali utenti con esigenze speciali. Anche in questo caso i risultati saranno registrati in una scheda di valutazione ad-hoc. Qualora le strutture selezionate non soddisfino i criteri di accessibilit\u00e0, il team di FreeWheels continuer\u00e0 il proprio lavoro di verifica su altre strutture finch\u00e9 non ne saranno identificate di accessibili.<\/p>\n<p align=\"JUSTIFY\"><strong>Approfondimenti:<\/strong><\/p>\n<p align=\"JUSTIFY\">\n\n\n<div id=\"wpv-view-layout-1087\" class=\"js-wpv-view-layout js-wpv-layout-responsive js-wpv-view-layout-1087\" data-viewnumber=\"1087\" data-pagination=\"{&quot;id&quot;:1087,&quot;query&quot;:&quot;normal&quot;,&quot;type&quot;:&quot;disabled&quot;,&quot;effect&quot;:&quot;fade&quot;,&quot;duration&quot;:500,&quot;speed&quot;:5,&quot;pause_on_hover&quot;:&quot;disabled&quot;,&quot;stop_rollover&quot;:&quot;false&quot;,&quot;cache_pages&quot;:&quot;enabled&quot;,&quot;preload_images&quot;:&quot;enabled&quot;,&quot;preload_pages&quot;:&quot;enabled&quot;,&quot;preload_reach&quot;:1,&quot;spinner&quot;:&quot;builtin&quot;,&quot;spinner_image&quot;:&quot;https:\/\/www.openuproutes.eu\/wp-content\/plugins\/wp-views\/res\/img\/ajax-loader.gif&quot;,&quot;callback_next&quot;:&quot;&quot;,&quot;manage_history&quot;:&quot;enabled&quot;,&quot;has_controls_in_form&quot;:&quot;disabled&quot;,&quot;infinite_tolerance&quot;:&quot;0&quot;,&quot;max_pages&quot;:0,&quot;page&quot;:1,&quot;base_permalink&quot;:&quot;\/it\/wp-json\/wp\/v2\/pages\/141?wpv_view_count=1087&amp;wpv_paged=WPV_PAGE_NUM&quot;,&quot;loop&quot;:{&quot;type&quot;:&quot;&quot;,&quot;name&quot;:&quot;&quot;,&quot;data&quot;:[],&quot;id&quot;:0}}\" data-permalink=\"\/it\/wp-json\/wp\/v2\/pages\/141?wpv_view_count=1087\">\n\n\t\n\t\n\t<ul class=\"wpv-loop js-wpv-loop\">\n\t\t\n\t\t\t<li>\n\t\t\t\t<a href=\"https:\/\/www.openuproutes.eu\/it\/2017\/04\/11\/il-percorso\/\">Il percorso<\/a>\n\t\t\t<\/li>\n\t\t\n\t\t\t<li>\n\t\t\t\t<a href=\"https:\/\/www.openuproutes.eu\/it\/2017\/04\/11\/le-ospitalita\/\">Le ospitalit\u00e0<\/a>\n\t\t\t<\/li>\n\t\t\n\t\t\t<li>\n\t\t\t\t<a href=\"https:\/\/www.openuproutes.eu\/it\/2017\/04\/11\/i-servizi\/\">I Servizi<\/a>\n\t\t\t<\/li>\n\t\t\n\t\t\t<li>\n\t\t\t\t<a href=\"https:\/\/www.openuproutes.eu\/it\/2017\/04\/11\/gli-incontri\/\">Gli incontri<\/a>\n\t\t\t<\/li>\n\t\t\n\t\t\t<li>\n\t\t\t\t<a href=\"https:\/\/www.openuproutes.eu\/it\/2017\/04\/11\/le-buone-pratiche\/\">Le Buone pratiche<\/a>\n\t\t\t<\/li>\n\t\t\n\t\t\t<li>\n\t\t\t\t<a href=\"https:\/\/www.openuproutes.eu\/it\/2017\/04\/11\/la-prima-mappatura\/\">La prima mappatura<\/a>\n\t\t\t<\/li>\n\t\t\n\t\t\t<li>\n\t\t\t\t<a href=\"https:\/\/www.openuproutes.eu\/it\/2017\/04\/11\/in-cammino-con-la-dialisi\/\">In Cammino con la Dialisi<\/a>\n\t\t\t<\/li>\n\t\t\n\t\t\t<li>\n\t\t\t\t<a href=\"https:\/\/www.openuproutes.eu\/it\/2017\/04\/11\/le-conclusioni\/\">Le conclusioni<\/a>\n\t\t\t<\/li>\n\t\t\n\t<\/ul>\n\t\n\t\n\t\n<\/div>\n<\/p>\n","protected":false},"excerpt":{"rendered":"<p>The SABER project aims at carry out a first accessibility evaluation of the \u201cSt.Benedict Way\u201d in order to define, at the end of the project, an accessible tourism offer for all the territories involved. Il progetto SABER mira a realizzare una valutazione di accessibilit\u00e0 del Cammino di San Benedetto al fine di definire, alla fine [&hellip;]<\/p>\n","protected":false},"author":1,"featured_media":170,"parent":0,"menu_order":2,"comment_status":"closed","ping_status":"closed","template":"page-templates\/page_fullwidth.php","meta":{"footnotes":""},"class_list":["post-141","page","type-page","status-publish","has-post-thumbnail","hentry"],"_links":{"self":[{"href":"https:\/\/www.openuproutes.eu\/it\/wp-json\/wp\/v2\/pages\/141","targetHints":{"allow":["GET"]}}],"collection":[{"href":"https:\/\/www.openuproutes.eu\/it\/wp-json\/wp\/v2\/pages"}],"about":[{"href":"https:\/\/www.openuproutes.eu\/it\/wp-json\/wp\/v2\/types\/page"}],"author":[{"embeddable":true,"href":"https:\/\/www.openuproutes.eu\/it\/wp-json\/wp\/v2\/users\/1"}],"replies":[{"embeddable":true,"href":"https:\/\/www.openuproutes.eu\/it\/wp-json\/wp\/v2\/comments?post=141"}],"version-history":[{"count":9,"href":"https:\/\/www.openuproutes.eu\/it\/wp-json\/wp\/v2\/pages\/141\/revisions"}],"predecessor-version":[{"id":1092,"href":"https:\/\/www.openuproutes.eu\/it\/wp-json\/wp\/v2\/pages\/141\/revisions\/1092"}],"wp:featuredmedia":[{"embeddable":true,"href":"https:\/\/www.openuproutes.eu\/it\/wp-json\/wp\/v2\/media\/170"}],"wp:attachment":[{"href":"https:\/\/www.openuproutes.eu\/it\/wp-json\/wp\/v2\/media?parent=141"}],"curies":[{"name":"wp","href":"https:\/\/api.w.org\/{rel}","templated":true}]}}